{"id":1253,"date":"2024-02-19T15:52:25","date_gmt":"2024-02-19T15:52:25","guid":{"rendered":"https:\/\/arquivo.cineeco.pt\/?page_id=1253"},"modified":"2024-05-10T11:23:24","modified_gmt":"2024-05-10T11:23:24","slug":"2023-premios","status":"publish","type":"page","link":"https:\/\/arquivo.cineeco.pt\/en\/2023-premios\/","title":{"rendered":"2023-premios"},"content":{"rendered":"<div style=\"height:35px\" aria-hidden=\"true\" class=\"wp-block-spacer\"><\/div>\n\n\n\n<p><a name=\"top\"><\/a><\/p>\n\n\n\n<div class=\"wp-block-buttons has-custom-font-size is-horizontal is-content-justification-center is-layout-flex wp-container-core-buttons-is-layout-a85bcc9b wp-block-buttons-is-layout-flex\" style=\"font-size:10px\">\n<div class=\"wp-block-button has-custom-font-size is-style-outline is-style-outline--1\" style=\"font-size:12px\"><a class=\"wp-block-button__link has-text-align-center wp-element-button\" href=\"https:\/\/arquivo.cineeco.pt\/en\/2023-selecao-oficial\/#top\" style=\"border-radius:10px\">OFFICIAL SELECTION<\/a><\/div>\n\n\n\n<div class=\"wp-block-button has-custom-font-size is-style-fill\" style=\"font-size:12px\"><a class=\"wp-block-button__link has-text-align-center wp-element-button\" href=\"https:\/\/arquivo.cineeco.pt\/en\/2023-premios\/#top\" style=\"border-radius:10px\">AWARDS<\/a><\/div>\n\n\n\n<div class=\"wp-block-button has-custom-font-size is-style-outline is-style-outline--2\" style=\"font-size:12px\"><a class=\"wp-block-button__link has-text-align-center wp-element-button\" href=\"https:\/\/arquivo.cineeco.pt\/en\/2023-exposicoes\/#top\" style=\"border-radius:10px\">EXHIBITIONS<\/a><\/div>\n\n\n\n<div class=\"wp-block-button has-custom-font-size is-style-outline is-style-outline--3\" style=\"font-size:12px\"><a class=\"wp-block-button__link has-text-align-center wp-element-button\" href=\"https:\/\/arquivo.cineeco.pt\/en\/2023-sessoes-especiais\/#top\" style=\"border-radius:10px\">SPECIAL SESSIONS<\/a><\/div>\n\n\n\n<div class=\"wp-block-button has-custom-font-size is-style-outline is-style-outline--4\" style=\"font-size:12px\"><a class=\"wp-block-button__link has-text-align-center wp-element-button\" href=\"https:\/\/arquivo.cineeco.pt\/en\/2023-programadores\/#top\" style=\"border-radius:10px\">PROGRAMMERS<\/a><\/div>\n\n\n\n<div class=\"wp-block-button has-custom-font-size is-style-outline is-style-outline--5\" style=\"font-size:12px\"><a class=\"wp-block-button__link has-text-align-center wp-element-button\" href=\"https:\/\/arquivo.cineeco.pt\/en\/2023-juri\/#top\" style=\"border-radius:10px\">JURY<\/a><\/div>\n\n\n\n<div class=\"wp-block-button has-custom-font-size is-style-outline is-style-outline--6\" style=\"font-size:12px\"><a class=\"wp-block-button__link has-text-align-center wp-element-button\" href=\"https:\/\/arquivo.cineeco.pt\/wp-content\/uploads\/2024\/02\/Programa-web_CineEco23.pdf\" style=\"border-radius:10px\">PROGRAM<\/a><\/div>\n\n\n\n<div class=\"wp-block-button has-custom-font-size is-style-outline is-style-outline--7\" style=\"font-size:12px\"><a class=\"wp-block-button__link has-text-align-center wp-element-button\" href=\"https:\/\/arquivo.cineeco.pt\/wp-content\/uploads\/2024\/02\/Catalogo-2023_digital-leve_v1.pdf\" style=\"border-radius:10px\">CATALOGUE<\/a><\/div>\n<\/div>\n\n\n\n<div style=\"height:35px\" aria-hidden=\"true\" class=\"wp-block-spacer\"><\/div>\n\n\n\n<h2 class=\"wp-block-heading has-text-color has-link-color wp-elements-b95e320fddfff94740a17e2ac355da28\" style=\"color:#ab9431\">PR\u00c9MIOS 2023<\/h2>\n\n\n\n<div style=\"height:35px\" aria-hidden=\"true\" class=\"wp-block-spacer\"><\/div>\n\n\n\n<p style=\"font-size:15px\"><strong>INTERNATIONAL FEATURE FILM COMPETITION<\/strong><\/p>\n\n\n\n<p style=\"font-size:15px\">I \u2013 Grand Prix Environment, which will win \u20ac 2000 (two thousand euros), that will be given to the work considered to be the best in the category of International Feature Film Competition.<br><br>II - Environmental Anthropology Award, which will win \u20ac 500 (five hundred euros), that will be given to the work considered to be the best in the category of International Feature Film Competition, which better shows the environmental anthropology theme.<br>he environmental anthropology theme.<\/p>\n\n\n\n<div style=\"height:35px\" aria-hidden=\"true\" class=\"wp-block-spacer\"><\/div>\n\n\n\n<p style=\"font-size:15px\"><strong>INTERNATIONAL SHORT AND MEDIUM-LENGTH FILM COMPETITION<\/strong><\/p>\n\n\n\n<p style=\"font-size:15px\">III \u2013 International Short Film Award, which will win \u20ac 500 (five hundred euros), that will be given to the work considered to be the best in the category of International Short Film Competition.<br><br>IV \u2013 Environmental Education Award, which will win \u20ac500 (five hundred euros), that will be given to the work that better helps to promote the environmental education theme in the category of International Short Film Competition.<\/p>\n\n\n\n<div style=\"height:35px\" aria-hidden=\"true\" class=\"wp-block-spacer\"><\/div>\n\n\n\n<p style=\"font-size:15px\"><strong>PORTUGUESE LANGUAGE FEATURE FILM COMPETITION<\/strong><\/p>\n\n\n\n<p style=\"font-size:15px\">V \u2013 Camacho Costa Award, which will win \u20ac 1000 (one thousand euros), that will be given to the portuguese language feature film considered to be the best in the category of Portuguese Language Feature Film Competition.<\/p>\n\n\n\n<div style=\"height:35px\" aria-hidden=\"true\" class=\"wp-block-spacer\"><\/div>\n\n\n\n<p style=\"font-size:15px\"><strong>PORTUGUESE LANGUAGE SHORT FILM COMPETITION<\/strong><\/p>\n\n\n\n<p style=\"font-size:15px\">VI - Portuguese Language Short Film Award, which will win \u20ac 500 (five hundred euros), that will be given to the work considered to be the best short \u2013film in the category of Portuguese Language Short Film Competition.<br><br>VII - Best Animated Short Award, which will win \u20ac500 (five hundred euros), that will be given awarded to the work that is considered the best animated short, among all the competitive categories.<\/p>\n\n\n\n<div style=\"height:35px\" aria-hidden=\"true\" class=\"wp-block-spacer\"><\/div>\n\n\n\n<p style=\"font-size:15px\"><strong>REGIONAL PANORAMA COMPETITION<\/strong><\/p>\n\n\n\n<p style=\"font-size:15px\">VIII \u2013 Regional Panorama Award, which will win \u20ac 500 (five hundred euros), that will be given to the work developed in the region of Serra da Estrela and which best promotes the local environmental issues.<\/p>\n\n\n\n<div style=\"height:35px\" aria-hidden=\"true\" class=\"wp-block-spacer\"><\/div>\n\n\n\n<p style=\"font-size:15px\"><strong>ALL THE CATEGORIES<\/strong><\/p>\n\n\n\n<p style=\"font-size:15px\">IX \u2013 Water Value Award, which will win \u20ac 500 (five hundred euros) that will be given to the work that best shows the Water theme, among all the competitive categories.<br><br>X \u2013 Youth Award which will be given to the best work of each one of the categories in competition that best reflects the youth environmental interests and concerns.<br><\/p>","protected":false},"excerpt":{"rendered":"<p>PR\u00c9MIOS 2023 COMPETI\u00c7\u00c3O INTERNACIONAL DE LONGAS-METRAGENS I &#8211; Grande Pr\u00e9mio Ambiente no valor de \u20ac 2000 (dois mil euros), atribu\u00eddo \u00e0 obra que seja considerada a melhor na categoria de Competi\u00e7\u00e3o Internacional de Longas-Metragens. II &#8211; Pr\u00e9mio Antropologia Ambiental, no valor de \u20ac 500 (quinhentos euros), atribu\u00eddo \u00e0 obra da categoria de Competi\u00e7\u00e3o Internacional de [&hellip;]<\/p>","protected":false},"author":1,"featured_media":0,"parent":0,"menu_order":0,"comment_status":"closed","ping_status":"closed","template":"","meta":{"ocean_post_layout":"right-sidebar","ocean_both_sidebars_style":"","ocean_both_sidebars_content_width":0,"ocean_both_sidebars_sidebars_width":0,"ocean_sidebar":"","ocean_second_sidebar":"","ocean_disable_margins":"on","ocean_add_body_class":"","ocean_shortcode_before_top_bar":"","ocean_shortcode_after_top_bar":"","ocean_shortcode_before_header":"","ocean_shortcode_after_header":"","ocean_has_shortcode":"","ocean_shortcode_after_title":"","ocean_shortcode_before_footer_widgets":"","ocean_shortcode_after_footer_widgets":"","ocean_shortcode_before_footer_bottom":"","ocean_shortcode_after_footer_bottom":"","ocean_display_top_bar":"off","ocean_display_header":"on","ocean_header_style":"","ocean_center_header_left_menu":"","ocean_custom_header_template":"","ocean_custom_logo":0,"ocean_custom_retina_logo":0,"ocean_custom_logo_max_width":0,"ocean_custom_logo_tablet_max_width":0,"ocean_custom_logo_mobile_max_width":0,"ocean_custom_logo_max_height":0,"ocean_custom_logo_tablet_max_height":0,"ocean_custom_logo_mobile_max_height":0,"ocean_header_custom_menu":"6","ocean_menu_typo_font_family":"","ocean_menu_typo_font_subset":"","ocean_menu_typo_font_size":0,"ocean_menu_typo_font_size_tablet":0,"ocean_menu_typo_font_size_mobile":0,"ocean_menu_typo_font_size_unit":"px","ocean_menu_typo_font_weight":"","ocean_menu_typo_font_weight_tablet":"","ocean_menu_typo_font_weight_mobile":"","ocean_menu_typo_transform":"","ocean_menu_typo_transform_tablet":"","ocean_menu_typo_transform_mobile":"","ocean_menu_typo_line_height":0,"ocean_menu_typo_line_height_tablet":0,"ocean_menu_typo_line_height_mobile":0,"ocean_menu_typo_line_height_unit":"","ocean_menu_typo_spacing":0,"ocean_menu_typo_spacing_tablet":0,"ocean_menu_typo_spacing_mobile":0,"ocean_menu_typo_spacing_unit":"","ocean_menu_link_color":"","ocean_menu_link_color_hover":"","ocean_menu_link_color_active":"","ocean_menu_link_background":"","ocean_menu_link_hover_background":"","ocean_menu_link_active_background":"","ocean_menu_social_links_bg":"","ocean_menu_social_hover_links_bg":"","ocean_menu_social_links_color":"","ocean_menu_social_hover_links_color":"","ocean_disable_title":"on","ocean_disable_heading":"default","ocean_post_title":"","ocean_post_subheading":"","ocean_post_title_style":"","ocean_post_title_background_color":"","ocean_post_title_background":0,"ocean_post_title_bg_image_position":"","ocean_post_title_bg_image_attachment":"","ocean_post_title_bg_image_repeat":"","ocean_post_title_bg_image_size":"","ocean_post_title_height":0,"ocean_post_title_bg_overlay":0.5,"ocean_post_title_bg_overlay_color":"","ocean_disable_breadcrumbs":"default","ocean_breadcrumbs_color":"","ocean_breadcrumbs_separator_color":"","ocean_breadcrumbs_links_color":"","ocean_breadcrumbs_links_hover_color":"","ocean_display_footer_widgets":"default","ocean_display_footer_bottom":"default","ocean_custom_footer_template":"","footnotes":""},"class_list":["post-1253","page","type-page","status-publish","hentry","entry"],"_links":{"self":[{"href":"https:\/\/arquivo.cineeco.pt\/en\/wp-json\/wp\/v2\/pages\/1253","targetHints":{"allow":["GET"]}}],"collection":[{"href":"https:\/\/arquivo.cineeco.pt\/en\/wp-json\/wp\/v2\/pages"}],"about":[{"href":"https:\/\/arquivo.cineeco.pt\/en\/wp-json\/wp\/v2\/types\/page"}],"author":[{"embeddable":true,"href":"https:\/\/arquivo.cineeco.pt\/en\/wp-json\/wp\/v2\/users\/1"}],"replies":[{"embeddable":true,"href":"https:\/\/arquivo.cineeco.pt\/en\/wp-json\/wp\/v2\/comments?post=1253"}],"version-history":[{"count":10,"href":"https:\/\/arquivo.cineeco.pt\/en\/wp-json\/wp\/v2\/pages\/1253\/revisions"}],"predecessor-version":[{"id":3751,"href":"https:\/\/arquivo.cineeco.pt\/en\/wp-json\/wp\/v2\/pages\/1253\/revisions\/3751"}],"wp:attachment":[{"href":"https:\/\/arquivo.cineeco.pt\/en\/wp-json\/wp\/v2\/media?parent=1253"}],"curies":[{"name":"wp","href":"https:\/\/api.w.org\/{rel}","templated":true}]}}