{"id":1262,"date":"2024-02-19T16:28:56","date_gmt":"2024-02-19T16:28:56","guid":{"rendered":"https:\/\/arquivo.cineeco.pt\/?page_id=1262"},"modified":"2024-05-10T11:23:39","modified_gmt":"2024-05-10T11:23:39","slug":"2023-exposicoes","status":"publish","type":"page","link":"https:\/\/arquivo.cineeco.pt\/en\/2023-exposicoes\/","title":{"rendered":"2023-exposicoes"},"content":{"rendered":"<p><a name=\"top\"><\/a><\/p>\n\n\n\n<div style=\"height:35px\" aria-hidden=\"true\" class=\"wp-block-spacer\"><\/div>\n\n\n\n<div class=\"wp-block-buttons has-custom-font-size is-horizontal is-content-justification-center is-layout-flex wp-container-core-buttons-is-layout-a85bcc9b wp-block-buttons-is-layout-flex\" style=\"font-size:10px\">\n<div class=\"wp-block-button has-custom-font-size is-style-outline is-style-outline--1\" style=\"font-size:12px\"><a class=\"wp-block-button__link has-text-align-center wp-element-button\" href=\"https:\/\/arquivo.cineeco.pt\/en\/2023-selecao-oficial\/#top\" style=\"border-radius:10px\">OFFICIAL SELECTION<\/a><\/div>\n\n\n\n<div class=\"wp-block-button has-custom-font-size is-style-outline is-style-outline--2\" style=\"font-size:12px\"><a class=\"wp-block-button__link has-text-align-center wp-element-button\" href=\"https:\/\/arquivo.cineeco.pt\/en\/2023-premios\/#top\" style=\"border-radius:10px\">AWARDS<\/a><\/div>\n\n\n\n<div class=\"wp-block-button has-custom-font-size is-style-fill\" style=\"font-size:12px\"><a class=\"wp-block-button__link has-text-align-center wp-element-button\" href=\"https:\/\/arquivo.cineeco.pt\/en\/2023-exposicoes\/#top\" style=\"border-radius:10px\">EXHIBITIONS<\/a><\/div>\n\n\n\n<div class=\"wp-block-button has-custom-font-size is-style-outline is-style-outline--3\" style=\"font-size:12px\"><a class=\"wp-block-button__link has-text-align-center wp-element-button\" href=\"https:\/\/arquivo.cineeco.pt\/en\/2023-sessoes-especiais\/#top\" style=\"border-radius:10px\">SPECIAL SESSIONS<\/a><\/div>\n\n\n\n<div class=\"wp-block-button has-custom-font-size is-style-outline is-style-outline--4\" style=\"font-size:12px\"><a class=\"wp-block-button__link has-text-align-center wp-element-button\" href=\"https:\/\/arquivo.cineeco.pt\/en\/2023-programadores\/#top\" style=\"border-radius:10px\">PROGRAMMERS<\/a><\/div>\n\n\n\n<div class=\"wp-block-button has-custom-font-size is-style-outline is-style-outline--5\" style=\"font-size:12px\"><a class=\"wp-block-button__link has-text-align-center wp-element-button\" href=\"https:\/\/arquivo.cineeco.pt\/en\/2023-juri\/#top\" style=\"border-radius:10px\">JURY<\/a><\/div>\n\n\n\n<div class=\"wp-block-button has-custom-font-size is-style-outline is-style-outline--6\" style=\"font-size:12px\"><a class=\"wp-block-button__link has-text-align-center wp-element-button\" href=\"https:\/\/arquivo.cineeco.pt\/wp-content\/uploads\/2024\/02\/Programa-web_CineEco23.pdf\" style=\"border-radius:10px\">PROGRAM<\/a><\/div>\n\n\n\n<div class=\"wp-block-button has-custom-font-size is-style-outline is-style-outline--7\" style=\"font-size:12px\"><a class=\"wp-block-button__link has-text-align-center wp-element-button\" href=\"https:\/\/arquivo.cineeco.pt\/wp-content\/uploads\/2024\/02\/Catalogo-2023_digital-leve_v1.pdf\" style=\"border-radius:10px\">CATALOGUE<\/a><\/div>\n<\/div>\n\n\n\n<div style=\"height:35px\" aria-hidden=\"true\" class=\"wp-block-spacer\"><\/div>\n\n\n\n<h2 class=\"wp-block-heading has-text-color has-link-color wp-elements-c6394f88614b2868163667aafacbef3c\" style=\"color:#ab9431\">EXPOSI\u00c7\u00d5ES 2023<\/h2>\n\n\n\n<div style=\"height:35px\" aria-hidden=\"true\" class=\"wp-block-spacer\"><\/div>\n\n\n\n<p style=\"font-size:15px\">From 5 of October | Opening at 17h30 | Auditorium Foyer<br><strong>Exhibition<\/strong><br><strong>\"Cold Fire\"<\/strong><\/p>\n\n\n\n<figure class=\"wp-block-image\"><a href=\"https:\/\/arquivo.cineeco.pt\/wp-content\/uploads\/2024\/02\/apresentao-fogo-frio-seia3.jpg\" target=\"_blank\" rel=\"noreferrer noopener\"><img decoding=\"async\" src=\"http:\/\/www.cineeco.pt\/2023\/imagens\/exposicoes\/apresentao-fogo-frio-seia3-prev.jpg\" alt=\"\"\/><\/a><\/figure>\n\n\n\n<p style=\"font-size:15px\">Nowadays, rural fires are one of the major environmental problems, endangering natural rural areas, people and their property. However, fire is an integral part of our lives and is actually indispensable for the well being of everyone. In Portugal, fires are a common occurrence, as is natural in the Mediterranean region that features wet winters and dry summers. Very dry years, with heatwaves and high winds, can lead to catastrophic events like in the years of 2003, 2005 and 2017. It is therefore indispensable to take preventive measures. Traditional fires (agricultural burning and intentional farm fires) as well as controlled fires help prevention efforts by reducing the vegetation and creating patchworks in the countryside (breaks in the vegetation). Fogo Frio (Cold Fire) is an exhibition-game for children, youths and adults about PREVENTION.<br><strong>Scientific coordination<\/strong><br>Maria da Concei\u00e7\u00e3o Cola\u00e7o (Instituto Superior Agronomia CEABN\/ InBio)<\/p>\n\n\n\n<div style=\"height:35px\" aria-hidden=\"true\" class=\"wp-block-spacer\"><\/div>\n\n\n\n<hr class=\"wp-block-separator has-alpha-channel-opacity is-style-default\"\/>\n\n\n\n<div style=\"height:35px\" aria-hidden=\"true\" class=\"wp-block-spacer\"><\/div>\n\n\n\n<p style=\"font-size:15px\">From 5 of October | Opening at 17h30 | Gallery<br><strong>Exhibition<\/strong><br><strong>\"Geographies of fiction\"<\/strong><\/p>\n\n\n<p><img loading=\"lazy\" decoding=\"async\" class=\"alignnone size-medium\" src=\"http:\/\/www.cineeco.pt\/2023\/imagens\/exposicoes\/geografias.jpg\" width=\"460\" height=\"460\" \/><\/p>\n\n\n<p style=\"font-size:15px\" class=\" translation-block\">Cinema invented landscapes, depicting them in the magnitude of each shot, and in the extension of our projection of the images. But what film has constructed is also a pathway of collective memoryabout the time and way we have occupied ourselves and lived in these landscapes, transforming them, from a parallel and secret time prior to us, in which the landscape itself is a witness of our actions. The exhibition <strong>Geographies of fiction<\/strong>, that the FILMar project, organised by the Portuguese Cinematheque Cinema Museum, brings together a wide array of material photographs, posters, drawings, programmes, objects linked to the cited films, but using them to create geographical connections and timelines that cause us to reflect on how we look at a country and observe its embodiment on film. It is an exhibition about the narratives that we use as a starting point to experience a landscape, inventing spaces beyond what has been filmed. It is an exercise of imagination about the country as landscape, from the sea to the inland areas, along rivers and climbing up banks, constructing our ideas based on what lies beyond the fixed and material images of the films.<br><strong>Commission:<\/strong> Tiago Bartolomeu Costa<br>\n<strong>Production:<\/strong> CineEco\/ Municipality of Seia e FILMar Cinemateca Portuguesa Museu do Cinema.<br>\nFILMar is a project run by Cinemateca Portuguesa Museu do Cinema, under the EEAGrants 2020 2024 programme, dedicated to the inventory, digitisation and dissemination of film heritage related to the sea.<\/p>\n\n\n<table>\n<tbody>\n<tr>\n<td><img loading=\"lazy\" decoding=\"async\" class=\"alignnone size-medium\" src=\"http:\/\/www.cineeco.pt\/2023\/imagens\/exposicoes\/cinemateca-portuguesa.png\" width=\"300\" height=\"90\" \/><\/td>\n<td><img loading=\"lazy\" decoding=\"async\" class=\"alignnone size-medium\" src=\"http:\/\/www.cineeco.pt\/2023\/imagens\/exposicoes\/eeagrants.png\" width=\"128\" height=\"90\" \/><\/td>\n<\/tr>\n<\/tbody>\n<\/table>","protected":false},"excerpt":{"rendered":"<p>EXPOSI\u00c7\u00d5ES 2023 De 5 de outubro a 30 de novembro | Abertura \u00e0s 17h30 | Foyer do audit\u00f3rioExposi\u00e7\u00e3o&#8220;Fogo Frio&#8221; Hoje em dia, os inc\u00eandios rurais s\u00e3o um dos maiores problemas ambientais, colocando em perigo os espa\u00e7os naturais, pessoas e seus bens. No entanto, o fogo \u00e9 parte integrante do nosso dia a dia , sendo [&hellip;]<\/p>","protected":false},"author":1,"featured_media":0,"parent":0,"menu_order":0,"comment_status":"closed","ping_status":"closed","template":"","meta":{"ocean_post_layout":"right-sidebar","ocean_both_sidebars_style":"","ocean_both_sidebars_content_width":0,"ocean_both_sidebars_sidebars_width":0,"ocean_sidebar":"","ocean_second_sidebar":"","ocean_disable_margins":"on","ocean_add_body_class":"","ocean_shortcode_before_top_bar":"","ocean_shortcode_after_top_bar":"","ocean_shortcode_before_header":"","ocean_shortcode_after_header":"","ocean_has_shortcode":"","ocean_shortcode_after_title":"","ocean_shortcode_before_footer_widgets":"","ocean_shortcode_after_footer_widgets":"","ocean_shortcode_before_footer_bottom":"","ocean_shortcode_after_footer_bottom":"","ocean_display_top_bar":"off","ocean_display_header":"on","ocean_header_style":"","ocean_center_header_left_menu":"","ocean_custom_header_template":"","ocean_custom_logo":0,"ocean_custom_retina_logo":0,"ocean_custom_logo_max_width":0,"ocean_custom_logo_tablet_max_width":0,"ocean_custom_logo_mobile_max_width":0,"ocean_custom_logo_max_height":0,"ocean_custom_logo_tablet_max_height":0,"ocean_custom_logo_mobile_max_height":0,"ocean_header_custom_menu":"6","ocean_menu_typo_font_family":"","ocean_menu_typo_font_subset":"","ocean_menu_typo_font_size":0,"ocean_menu_typo_font_size_tablet":0,"ocean_menu_typo_font_size_mobile":0,"ocean_menu_typo_font_size_unit":"px","ocean_menu_typo_font_weight":"","ocean_menu_typo_font_weight_tablet":"","ocean_menu_typo_font_weight_mobile":"","ocean_menu_typo_transform":"","ocean_menu_typo_transform_tablet":"","ocean_menu_typo_transform_mobile":"","ocean_menu_typo_line_height":0,"ocean_menu_typo_line_height_tablet":0,"ocean_menu_typo_line_height_mobile":0,"ocean_menu_typo_line_height_unit":"","ocean_menu_typo_spacing":0,"ocean_menu_typo_spacing_tablet":0,"ocean_menu_typo_spacing_mobile":0,"ocean_menu_typo_spacing_unit":"","ocean_menu_link_color":"","ocean_menu_link_color_hover":"","ocean_menu_link_color_active":"","ocean_menu_link_background":"","ocean_menu_link_hover_background":"","ocean_menu_link_active_background":"","ocean_menu_social_links_bg":"","ocean_menu_social_hover_links_bg":"","ocean_menu_social_links_color":"","ocean_menu_social_hover_links_color":"","ocean_disable_title":"on","ocean_disable_heading":"default","ocean_post_title":"","ocean_post_subheading":"","ocean_post_title_style":"","ocean_post_title_background_color":"","ocean_post_title_background":0,"ocean_post_title_bg_image_position":"","ocean_post_title_bg_image_attachment":"","ocean_post_title_bg_image_repeat":"","ocean_post_title_bg_image_size":"","ocean_post_title_height":0,"ocean_post_title_bg_overlay":0.5,"ocean_post_title_bg_overlay_color":"","ocean_disable_breadcrumbs":"default","ocean_breadcrumbs_color":"","ocean_breadcrumbs_separator_color":"","ocean_breadcrumbs_links_color":"","ocean_breadcrumbs_links_hover_color":"","ocean_display_footer_widgets":"default","ocean_display_footer_bottom":"default","ocean_custom_footer_template":"","footnotes":""},"class_list":["post-1262","page","type-page","status-publish","hentry","entry"],"_links":{"self":[{"href":"https:\/\/arquivo.cineeco.pt\/en\/wp-json\/wp\/v2\/pages\/1262","targetHints":{"allow":["GET"]}}],"collection":[{"href":"https:\/\/arquivo.cineeco.pt\/en\/wp-json\/wp\/v2\/pages"}],"about":[{"href":"https:\/\/arquivo.cineeco.pt\/en\/wp-json\/wp\/v2\/types\/page"}],"author":[{"embeddable":true,"href":"https:\/\/arquivo.cineeco.pt\/en\/wp-json\/wp\/v2\/users\/1"}],"replies":[{"embeddable":true,"href":"https:\/\/arquivo.cineeco.pt\/en\/wp-json\/wp\/v2\/comments?post=1262"}],"version-history":[{"count":32,"href":"https:\/\/arquivo.cineeco.pt\/en\/wp-json\/wp\/v2\/pages\/1262\/revisions"}],"predecessor-version":[{"id":3752,"href":"https:\/\/arquivo.cineeco.pt\/en\/wp-json\/wp\/v2\/pages\/1262\/revisions\/3752"}],"wp:attachment":[{"href":"https:\/\/arquivo.cineeco.pt\/en\/wp-json\/wp\/v2\/media?parent=1262"}],"curies":[{"name":"wp","href":"https:\/\/api.w.org\/{rel}","templated":true}]}}