{"id":1302,"date":"2024-02-20T11:44:30","date_gmt":"2024-02-20T11:44:30","guid":{"rendered":"https:\/\/arquivo.cineeco.pt\/?page_id=1302"},"modified":"2024-05-10T11:23:52","modified_gmt":"2024-05-10T11:23:52","slug":"2023-sessoes-especiais","status":"publish","type":"page","link":"https:\/\/arquivo.cineeco.pt\/en\/2023-sessoes-especiais\/","title":{"rendered":"2023-sessoes-especiais"},"content":{"rendered":"<p><a name=\"top\"><\/a><\/p>\n\n\n\n<div style=\"height:35px\" aria-hidden=\"true\" class=\"wp-block-spacer\"><\/div>\n\n\n\n<div class=\"wp-block-buttons has-custom-font-size is-horizontal is-content-justification-center is-layout-flex wp-container-core-buttons-is-layout-a85bcc9b wp-block-buttons-is-layout-flex\" style=\"font-size:10px\">\n<div class=\"wp-block-button has-custom-font-size is-style-outline is-style-outline--1\" style=\"font-size:12px\"><a class=\"wp-block-button__link has-text-align-center wp-element-button\" href=\"https:\/\/arquivo.cineeco.pt\/en\/2023-selecao-oficial\/#top\" style=\"border-radius:10px\">OFFICIAL SELECTION<\/a><\/div>\n\n\n\n<div class=\"wp-block-button has-custom-font-size is-style-outline is-style-outline--2\" style=\"font-size:12px\"><a class=\"wp-block-button__link has-text-align-center wp-element-button\" href=\"https:\/\/arquivo.cineeco.pt\/en\/2023-premios\/#top\" style=\"border-radius:10px\">AWARDS<\/a><\/div>\n\n\n\n<div class=\"wp-block-button has-custom-font-size is-style-outline is-style-outline--3\" style=\"font-size:12px\"><a class=\"wp-block-button__link has-text-align-center wp-element-button\" href=\"https:\/\/arquivo.cineeco.pt\/en\/2023-exposicoes\/#top\" style=\"border-radius:10px\">EXHIBITIONS<\/a><\/div>\n\n\n\n<div class=\"wp-block-button has-custom-font-size is-style-fill\" style=\"font-size:12px\"><a class=\"wp-block-button__link has-text-align-center wp-element-button\" href=\"https:\/\/arquivo.cineeco.pt\/en\/2023-sessoes-especiais\/#top\" style=\"border-radius:10px\">SPECIAL SESSIONS<\/a><\/div>\n\n\n\n<div class=\"wp-block-button has-custom-font-size is-style-outline is-style-outline--4\" style=\"font-size:12px\"><a class=\"wp-block-button__link has-text-align-center wp-element-button\" href=\"https:\/\/arquivo.cineeco.pt\/en\/2023-programadores\/#top\" style=\"border-radius:10px\">PROGRAMMERS<\/a><\/div>\n\n\n\n<div class=\"wp-block-button has-custom-font-size is-style-outline is-style-outline--5\" style=\"font-size:12px\"><a class=\"wp-block-button__link has-text-align-center wp-element-button\" href=\"https:\/\/arquivo.cineeco.pt\/en\/2023-juri\/#top\" style=\"border-radius:10px\">JURY<\/a><\/div>\n\n\n\n<div class=\"wp-block-button has-custom-font-size is-style-outline is-style-outline--6\" style=\"font-size:12px\"><a class=\"wp-block-button__link has-text-align-center wp-element-button\" href=\"https:\/\/arquivo.cineeco.pt\/wp-content\/uploads\/2024\/02\/Programa-web_CineEco23.pdf\" style=\"border-radius:10px\">PROGRAM<\/a><\/div>\n\n\n\n<div class=\"wp-block-button has-custom-font-size is-style-outline is-style-outline--7\" style=\"font-size:12px\"><a class=\"wp-block-button__link has-text-align-center wp-element-button\" href=\"https:\/\/arquivo.cineeco.pt\/wp-content\/uploads\/2024\/02\/Catalogo-2023_digital-leve_v1.pdf\" style=\"border-radius:10px\">CATALOGUE<\/a><\/div>\n<\/div>\n\n\n\n<div style=\"height:35px\" aria-hidden=\"true\" class=\"wp-block-spacer\"><\/div>\n\n\n\n<h2 class=\"wp-block-heading has-text-color has-link-color wp-elements-9364513bff08ec0bf5858d37186658dd\" style=\"color:#ab9431\">SESS\u00d5ES ESPECIAIS 2023<\/h2>\n\n\n\n<p style=\"font-size:15px\">5 of october | 21h30 | CineTeatro<br><strong>Opening session | Extra competition exhibition<\/strong><br><strong>\u201cCineConcerto FILMar \u201d, performed on the piano by Filipe Raposo<\/strong><\/p>\n\n\n<p><img loading=\"lazy\" decoding=\"async\" class=\"alignnone size-medium\" src=\"http:\/\/www.cineeco.pt\/2023\/imagens\/sessoes-especiais\/sessao-abertura-composicao.png\" width=\"460\" height=\"460\" \/><\/p>\n\n\n<p style=\"font-size:15px\">This session especially designed for CineEco brings together films where the landscape and human presence are portrayed by cinema. The music of pianist and composer Filipe Raposo is the common thread throughout narratives of speculation, interpretation and perception of the ways of observing, retaining and portraying physical, natural and geographical bodies, which over time also document the memory that cinema has helped to invent.<\/p>\n\n\n<p><img loading=\"lazy\" decoding=\"async\" class=\"alignnone size-medium\" src=\"http:\/\/www.cineeco.pt\/2023\/imagens\/sessoes-especiais\/filipe-raposo.jpg\" width=\"460\" height=\"460\" \/><\/p>\n\n\n<p style=\"font-size:15px\">In the set of films, of special note is the dialogue between SERRA DA ESTRELA (1921) and MATA DO BUSSACO (1919?), a rare and mysterious film of which very little in known, apart from the fact it is a document produced by a pioneer of Norwegian cinema, Hans Berge, who travelled to Portugal towards the end of the second decade of the 20th century, and which was found one year ago in the archives of the National Library of Norway, one of the FILMar project donor countries.<br>The following films will be screened:<br>&gt; SERRA DA ESTRELA (Raul de Caldevilla, 1921).<br>&gt; MATA DO BUSSACO (Hans Berge, 1919)<br>&gt; TOSQUIA DE OVELHAS NO PA\u00daL DA SERRA, MADEIRA (Manuel Lu\u00eds Vieira, 1937)<br>&gt; LAGOA (Filmes Castello Lopes, 1929)<br>&gt; A IND\u00daSTRIA BALEEIRA (Jo\u00e3o C\u00e9sar de S\u00e1, 1932)<br>&gt; NAZAR\u00c9, PRAIA DE PESCADORES (Leit\u00e3o de Barros, 1929) original song by Filipe Raposo (2020)<br>With the exception of NAZAR\u00c9, PRAIA DE PESCADORES, where Filipe Raposo plays a musical score he himself wrote, commissioned by the Cinemateca Portuguesa (Portuguese Cinematheque) in 2020, the soundtracks of the other films are unreleased compositions. The film MATA DO BUSSACO is presented in collaboration with the Nasjonalbiblioteket (National Library of Norway) and the Norsk Film Institutt (Norwegian Film Institute). This session is supported by the FILMar project and organised by the Cinemateca Portuguesa Museu do Cinema (Portuguese Cinematheque Cinema Museum) and put into practice by the Directorate General of Cultural Heritage, within the scope of the EEA Grants European Financial Mechanism 2020 2024.<\/p>\n\n\n\n<div style=\"height:35px\" aria-hidden=\"true\" class=\"wp-block-spacer\"><\/div>\n\n\n\n<hr class=\"wp-block-separator has-alpha-channel-opacity\"\/>\n\n\n\n<div style=\"height:35px\" aria-hidden=\"true\" class=\"wp-block-spacer\"><\/div>\n\n\n\n<p style=\"font-size:15px\">12 of october | 16 h and 18 h | CineTeatro<br><strong>Double Session | Extra competition exhibition<\/strong><br><strong>\u201cVerdes anos , maduros anos : 1963 2023\u201d<\/strong><br>Isabel Ruth, Jo\u00e3o Pedro Rodrigues and Jo\u00e3o Rui Guerra da Mata.<\/p>\n\n\n<p><img loading=\"lazy\" decoding=\"async\" class=\"alignnone size-medium\" src=\"http:\/\/www.cineeco.pt\/2023\/imagens\/sessoes-especiais\/sessaodupla-composicaoentrada.png\" width=\"460\" height=\"460\" \/><\/p>\n\n\n<p style=\"font-size:15px\">CineEco returns to the classic founding film of the new Portuguese cinema, Paulo Rocha\u2019s Verdes Anos (1963), playing it in a double session alongside Onde Fica Esta Rua ou Sem Antes Nem Depois? (2022), directed by Jo\u00e3o Pedro Rodrigues and Jo\u00e3o Rui Guerra da Mata.&nbsp;<br>In this new film, the two directors allow themselves to be guided by the cinematographic eye and planning of Paulo Rocha, observing \u201csuccessive geological, urban and social layers of Lisbon\u201d, and shooting in locations of the city under siege by the pandemic. The same shots, the same scenes, the rurality of the capital urbanised into new avenues. Half a century later, what Lisbon have we come to and what Lisbon do we see?&nbsp;<br>The 60-year commemoration of Verdes Anos is therefore celebrated through this fantastic work of art that continues to shape modern Portuguese cinema, as happens in this new \u2018mirror film\u2019 by two contemporary filmmakers.&nbsp;<br>Jo\u00e3o Pedro Rodrigues and Jo\u00e3o Rui Guerra da Mata will attend the double session, accompanied by Isabel Ruth, the actress with an iconic presence in Onde Fica Esta Rua ou Sem Antes Nem Depois? and who plays Ilda in Verdes Anos.<\/p>\n\n\n\n<p style=\"font-size:15px\"><strong>&gt; 16h<\/strong><br><strong>\u201cVerdes anos\u201d<\/strong><br>Paulo Rocha, Portugal, Fiction, 64\u2032<\/p>\n\n\n\n<p style=\"font-size:15px\">A 19 year old boy, J\u00falio, comes to Lisbon to try his luck as a shoemaker. On the day he arrives, an accident brings him into contact with Ilda, a girl of the same age, who is a cleaner in a building near where J\u00falio works. As the film progresses, a romance between the two develops, felt more intensely by J\u00falio, whose jealously, exacerbated by what he perceives as a foreign and hostile atmosphere, leads him to constantly mistrust Ilda, which results in her breaking off the relationship. In an impulsive moment of rage, J\u00falio ends up killing her.<\/p>\n\n\n\n<p style=\"font-size:15px\">Trailer:&nbsp;<a href=\"https:\/\/vimeo.com\/126359437\">https:\/\/vimeo.com\/126359437<\/a><\/p>\n\n\n\n<figure class=\"wp-block-image\"><a href=\"https:\/\/arquivo.cineeco.pt\/wp-content\/uploads\/2024\/02\/verdes-anos.jpg\" target=\"_blank\" rel=\"noreferrer noopener\"><img decoding=\"async\" src=\"http:\/\/www.cineeco.pt\/2023\/imagens\/sessoes-especiais\/verdes-anos-prev.jpg\" alt=\"\"\/><\/a><\/figure>\n\n\n\n<p style=\"font-size:15px\">This copy is a digitally restored version of \u201cOs Verdes Anos\u201d (The Green Years) made from a new 2K resolution version produced by the original director. The transcribed material was the negative of 35mm image, onto which some shots have been integrated that had been cut out by censors, which were obtained from a 16mm copy that the director originally filmed for dissemination in Japan. The final version, which includes these excerpts, are in sync with the production of the version that had been analogically restored in the Portuguese Cinema laboratory in 2006, and approved by the director. The sound was restored digitally taking as the reference point the final mix of the optic sound negative but also recovering the partial magnetic bands of the atmospheric sound and music. In step with the collaboration initially provided to Paulo Rocha, the various stages of the restoration were carried out under the supervision of the director Pedro Costa, to whom the Portuguese Cinematheque Cinema Museum hereby expresses its profound gratitude.<\/p>\n\n\n\n<p style=\"font-size:15px\"><strong>&gt; 18h<\/strong><br><strong>Where is this street? Or with no before and after.<\/strong><br>Jo\u00e3o Pedro Rodrigues and Jo\u00e3o Rui Guerra da Mata, Portugal, Documentary, 2022, 88\u2019<\/p>\n\n\n\n<p style=\"font-size:15px\">From our window one can see a set of the film \"The Green Years\", directed by Paulo Rocha in 1963 . This was our starting point: guided by Rocha s gaze, we look back at the places of that film. The successive geological, urbanistic, and social strata of Lisbon, besieged by the pandemic that interrupted the shooting, are drawn out in front of our camera, like a contemporary jazz improvisation from a score written in 1963.<\/p>\n\n\n\n<p style=\"font-size:15px\">Trailer:&nbsp;<a href=\"https:\/\/vimeo.com\/735444498\">https:\/\/vimeo.com\/735444498<\/a><\/p>\n\n\n\n<figure class=\"wp-block-image\"><a href=\"https:\/\/arquivo.cineeco.pt\/wp-content\/uploads\/2024\/02\/final-eng-web.jpg\" target=\"_blank\" rel=\"noreferrer noopener\"><img decoding=\"async\" src=\"http:\/\/www.cineeco.pt\/2023\/imagens\/sessoes-especiais\/final-eng-web-prev.jpg\" alt=\"\"\/><\/a><\/figure>\n\n\n\n<div style=\"height:35px\" aria-hidden=\"true\" class=\"wp-block-spacer\"><\/div>\n\n\n\n<hr class=\"wp-block-separator has-alpha-channel-opacity\"\/>\n\n\n\n<div style=\"height:35px\" aria-hidden=\"true\" class=\"wp-block-spacer\"><\/div>\n\n\n\n<p style=\"font-size:15px\">13 of October | 21 h 30 | Cineteatro<br><strong>Closing film | Extra-competition exhibition<\/strong><br><strong>\u201cAcide\"<\/strong><br>Just Philippot , France , Drama, Fantasy, 100', 2023<\/p>\n\n\n\n<p style=\"font-size:15px\"><img decoding=\"async\" src=\"http:\/\/www.cineeco.pt\/2023\/imagens\/sessoes-especiais\/encerramento-acide.jpg\"><br>\u00a9BONNE PIOCHE CIN\u00c9MA, PATH\u00c9 FILMS, FRANCE 3 CINEMA, CAN\u00c9O FILMS &#8211; 2023<\/p>\n\n\n\n<p style=\"font-size:15px\">During a heat wave, strange clouds start pouring down acid rain, wreaking devastation and panic throughout France.<br>In a world teetering on the edge, a girl and her divorced parents must join forces to confront and try to escape this climate catastrophe.<\/p>\n\n\n\n<p style=\"font-size:15px\">Trailer:&nbsp;<a href=\"https:\/\/www.youtube.com\/watch?v=eD7E_T2krTU\">https:\/\/www.youtube.com\/watch?v=eD7E_T2krTU<\/a><\/p>","protected":false},"excerpt":{"rendered":"<p>SESS\u00d5ES ESPECIAIS 2023 5 de outubro | 21 h 30 | CineTeatroSess\u00e3o de abertura | Exibi\u00e7\u00e3o extracompeti\u00e7\u00e3o\u201cCineConcerto FILMar\u201d, interpretado ao piano por Filipe Raposo Nesta sess\u00e3o especialmente concebida para o CineEco, re\u00fanem-se filmes onde a paisagem e a presen\u00e7a humana s\u00e3o mediadas pelo cinema. A m\u00fasica do pianista e compositor Filipe Raposo \u00e9 o fio [&hellip;]<\/p>","protected":false},"author":1,"featured_media":0,"parent":0,"menu_order":0,"comment_status":"closed","ping_status":"closed","template":"","meta":{"ocean_post_layout":"right-sidebar","ocean_both_sidebars_style":"","ocean_both_sidebars_content_width":0,"ocean_both_sidebars_sidebars_width":0,"ocean_sidebar":"","ocean_second_sidebar":"","ocean_disable_margins":"on","ocean_add_body_class":"","ocean_shortcode_before_top_bar":"","ocean_shortcode_after_top_bar":"","ocean_shortcode_before_header":"","ocean_shortcode_after_header":"","ocean_has_shortcode":"","ocean_shortcode_after_title":"","ocean_shortcode_before_footer_widgets":"","ocean_shortcode_after_footer_widgets":"","ocean_shortcode_before_footer_bottom":"","ocean_shortcode_after_footer_bottom":"","ocean_display_top_bar":"off","ocean_display_header":"on","ocean_header_style":"","ocean_center_header_left_menu":"","ocean_custom_header_template":"","ocean_custom_logo":0,"ocean_custom_retina_logo":0,"ocean_custom_logo_max_width":0,"ocean_custom_logo_tablet_max_width":0,"ocean_custom_logo_mobile_max_width":0,"ocean_custom_logo_max_height":0,"ocean_custom_logo_tablet_max_height":0,"ocean_custom_logo_mobile_max_height":0,"ocean_header_custom_menu":"6","ocean_menu_typo_font_family":"","ocean_menu_typo_font_subset":"","ocean_menu_typo_font_size":0,"ocean_menu_typo_font_size_tablet":0,"ocean_menu_typo_font_size_mobile":0,"ocean_menu_typo_font_size_unit":"px","ocean_menu_typo_font_weight":"","ocean_menu_typo_font_weight_tablet":"","ocean_menu_typo_font_weight_mobile":"","ocean_menu_typo_transform":"","ocean_menu_typo_transform_tablet":"","ocean_menu_typo_transform_mobile":"","ocean_menu_typo_line_height":0,"ocean_menu_typo_line_height_tablet":0,"ocean_menu_typo_line_height_mobile":0,"ocean_menu_typo_line_height_unit":"","ocean_menu_typo_spacing":0,"ocean_menu_typo_spacing_tablet":0,"ocean_menu_typo_spacing_mobile":0,"ocean_menu_typo_spacing_unit":"","ocean_menu_link_color":"","ocean_menu_link_color_hover":"","ocean_menu_link_color_active":"","ocean_menu_link_background":"","ocean_menu_link_hover_background":"","ocean_menu_link_active_background":"","ocean_menu_social_links_bg":"","ocean_menu_social_hover_links_bg":"","ocean_menu_social_links_color":"","ocean_menu_social_hover_links_color":"","ocean_disable_title":"on","ocean_disable_heading":"default","ocean_post_title":"","ocean_post_subheading":"","ocean_post_title_style":"","ocean_post_title_background_color":"","ocean_post_title_background":0,"ocean_post_title_bg_image_position":"","ocean_post_title_bg_image_attachment":"","ocean_post_title_bg_image_repeat":"","ocean_post_title_bg_image_size":"","ocean_post_title_height":0,"ocean_post_title_bg_overlay":0.5,"ocean_post_title_bg_overlay_color":"","ocean_disable_breadcrumbs":"default","ocean_breadcrumbs_color":"","ocean_breadcrumbs_separator_color":"","ocean_breadcrumbs_links_color":"","ocean_breadcrumbs_links_hover_color":"","ocean_display_footer_widgets":"default","ocean_display_footer_bottom":"default","ocean_custom_footer_template":"","footnotes":""},"class_list":["post-1302","page","type-page","status-publish","hentry","entry"],"_links":{"self":[{"href":"https:\/\/arquivo.cineeco.pt\/en\/wp-json\/wp\/v2\/pages\/1302","targetHints":{"allow":["GET"]}}],"collection":[{"href":"https:\/\/arquivo.cineeco.pt\/en\/wp-json\/wp\/v2\/pages"}],"about":[{"href":"https:\/\/arquivo.cineeco.pt\/en\/wp-json\/wp\/v2\/types\/page"}],"author":[{"embeddable":true,"href":"https:\/\/arquivo.cineeco.pt\/en\/wp-json\/wp\/v2\/users\/1"}],"replies":[{"embeddable":true,"href":"https:\/\/arquivo.cineeco.pt\/en\/wp-json\/wp\/v2\/comments?post=1302"}],"version-history":[{"count":15,"href":"https:\/\/arquivo.cineeco.pt\/en\/wp-json\/wp\/v2\/pages\/1302\/revisions"}],"predecessor-version":[{"id":3753,"href":"https:\/\/arquivo.cineeco.pt\/en\/wp-json\/wp\/v2\/pages\/1302\/revisions\/3753"}],"wp:attachment":[{"href":"https:\/\/arquivo.cineeco.pt\/en\/wp-json\/wp\/v2\/media?parent=1302"}],"curies":[{"name":"wp","href":"https:\/\/api.w.org\/{rel}","templated":true}]}}