{"id":1318,"date":"2024-02-20T14:19:12","date_gmt":"2024-02-20T14:19:12","guid":{"rendered":"https:\/\/arquivo.cineeco.pt\/?page_id=1318"},"modified":"2024-05-10T11:24:08","modified_gmt":"2024-05-10T11:24:08","slug":"2023-programadores","status":"publish","type":"page","link":"https:\/\/arquivo.cineeco.pt\/en\/2023-programadores\/","title":{"rendered":"2023-programadores"},"content":{"rendered":"<div style=\"height:35px\" aria-hidden=\"true\" class=\"wp-block-spacer\"><\/div>\n\n\n\n<p><a name=\"top\"><\/a><\/p>\n\n\n\n<div class=\"wp-block-buttons has-custom-font-size is-horizontal is-content-justification-center is-layout-flex wp-container-core-buttons-is-layout-a85bcc9b wp-block-buttons-is-layout-flex\" style=\"font-size:10px\">\n<div class=\"wp-block-button has-custom-font-size is-style-outline is-style-outline--1\" style=\"font-size:12px\"><a class=\"wp-block-button__link has-text-align-center wp-element-button\" href=\"https:\/\/arquivo.cineeco.pt\/en\/2023-selecao-oficial\/#top\" style=\"border-radius:10px\">OFFICIAL SELECTION<\/a><\/div>\n\n\n\n<div class=\"wp-block-button has-custom-font-size is-style-outline is-style-outline--2\" style=\"font-size:12px\"><a class=\"wp-block-button__link has-text-align-center wp-element-button\" href=\"https:\/\/arquivo.cineeco.pt\/en\/2023-premios\/#top\" style=\"border-radius:10px\">AWARDS<\/a><\/div>\n\n\n\n<div class=\"wp-block-button has-custom-font-size is-style-outline is-style-outline--3\" style=\"font-size:12px\"><a class=\"wp-block-button__link has-text-align-center wp-element-button\" href=\"https:\/\/arquivo.cineeco.pt\/en\/2023-exposicoes\/#top\" style=\"border-radius:10px\">EXHIBITIONS<\/a><\/div>\n\n\n\n<div class=\"wp-block-button has-custom-font-size is-style-outline is-style-outline--4\" style=\"font-size:12px\"><a class=\"wp-block-button__link has-text-align-center wp-element-button\" href=\"https:\/\/arquivo.cineeco.pt\/en\/2023-sessoes-especiais\/#top\" style=\"border-radius:10px\">SPECIAL SESSIONS<\/a><\/div>\n\n\n\n<div class=\"wp-block-button has-custom-font-size is-style-fill\" style=\"font-size:12px\"><a class=\"wp-block-button__link has-text-align-center wp-element-button\" href=\"https:\/\/arquivo.cineeco.pt\/en\/2023-programadores\/#top\" style=\"border-radius:10px\">PROGRAMMERS<\/a><\/div>\n\n\n\n<div class=\"wp-block-button has-custom-font-size is-style-outline is-style-outline--5\" style=\"font-size:12px\"><a class=\"wp-block-button__link has-text-align-center wp-element-button\" href=\"https:\/\/arquivo.cineeco.pt\/en\/2023-juri\/#top\" style=\"border-radius:10px\">JURY<\/a><\/div>\n\n\n\n<div class=\"wp-block-button has-custom-font-size is-style-outline is-style-outline--6\" style=\"font-size:12px\"><a class=\"wp-block-button__link has-text-align-center wp-element-button\" href=\"https:\/\/arquivo.cineeco.pt\/wp-content\/uploads\/2024\/02\/Programa-web_CineEco23.pdf\" style=\"border-radius:10px\">PROGRAM<\/a><\/div>\n\n\n\n<div class=\"wp-block-button has-custom-font-size is-style-outline is-style-outline--7\" style=\"font-size:12px\"><a class=\"wp-block-button__link has-text-align-center wp-element-button\" href=\"https:\/\/arquivo.cineeco.pt\/wp-content\/uploads\/2024\/02\/Catalogo-2023_digital-leve_v1.pdf\" style=\"border-radius:10px\">CATALOGUE<\/a><\/div>\n<\/div>\n\n\n\n<div style=\"height:35px\" aria-hidden=\"true\" class=\"wp-block-spacer\"><\/div>\n\n\n\n<h2 class=\"wp-block-heading has-text-color has-link-color wp-elements-962e0903e5b5301024d9b112e2eac412\" style=\"color:#ab9431\">PROGRAMADORES 2023<\/h2>\n\n\n\n<div style=\"height:35px\" aria-hidden=\"true\" class=\"wp-block-spacer\"><\/div>\n\n\n<div><img decoding=\"async\" src=\"http:\/\/www.cineeco.pt\/2023\/imagens\/programadores\/programador_claudia.png\" \/><\/div>\n<div style=\"font-size: 15px;\"><strong>Cl\u00e1udia Marques Santos<\/strong><\/div>\n<div>\u00a0<\/div>\n<div>\n<p style=\"font-size: 15px;\">A graduate in Communication Sciences and holder of a Master\u2019s degree in Contemporary Culture and New Technologies from the Nova University Lisbon, Cl\u00e1udia Marques Santos is a freelance journalist whose work has been published in Vis\u00e3o, P\u00fablico, Observador, Expresso, Di\u00e1rio de Not\u00edcias, LER and Setenta e Quatro. She was awarded scholarships from the Pulitzer Center (2023), the Calouste Gulbenkian Foundation (2019) and the Gabriel Garc\u00eda M\u00e1rquez Foundation (2018 and 2020). With eight colleagues, she formed the first consortium of Portuguese journalists, whose first collaborative investigation focused on online hate speech perpetrated by the Portuguese police force. She is a professor at the Nova University Lisbon and the Lusophone University.<\/p>\n<\/div>\n\n\n<div style=\"height:80px\" aria-hidden=\"true\" class=\"wp-block-spacer\"><\/div>\n\n\n<div><img decoding=\"async\" src=\"http:\/\/www.cineeco.pt\/2023\/imagens\/programadores\/programador_daniel.png\" \/><\/div>\n<div style=\"font-size: 15px;\"><strong>Daniel Oliveira<\/strong><\/div>\n<div>\u00a0<\/div>\n<div>\n<p style=\"font-size: 15px;\">Daniel Oliveira has a master\u2019s degree in cinema from the University of Beira Interior, where he is currently doing a PhD in Media Arts, with a scholarship from the Science and Technology Foundation. He has worked as a critic since 2004, and is a member of the Brazilian Association (Abraccine) and International Federation of Cinema Critics (Fipresci). He has worked for publications such as the Folha de S\u00e3o Paulo newspaper and he was a reporter and cinema critic of the O Tempo newspaper, in Brazil, between 2013 and 2018. He graduated in Media at the Federal University of Minas Gerais (UFMG), specialising in the History of Culture and Art at the same institution, and has a post-graduation in scriptwriting for Cinema and TV, at the Humber Institute of Toronto. Since 2023 he has been a voting member of the Hollywood Foreign Press Association, which hands out the Golden Globe awards annually.<\/p>\n<\/div>\n\n\n<div style=\"height:80px\" aria-hidden=\"true\" class=\"wp-block-spacer\"><\/div>\n\n\n<div><img decoding=\"async\" src=\"http:\/\/www.cineeco.pt\/2023\/imagens\/programadores\/programador_tiago.png\" \/><\/div>\n<div style=\"font-size: 15px;\"><strong>Tiago Alves<\/strong><\/div>\n<div>\u00a0<\/div>\n<div>\n<p style=\"font-size: 15px;\">Radio presenter, journalist, cinema promotor and programmer. He has coordinated and presented CINEMAX since 2005, dedicated to cinema news and programming, online, which is transmitted on the Antena 1 radio channel, and also presents short-film sessions on TV channel RTP2. He organises, programmes and presents Shortcutz Ovar and is part of the team of curators of CineEco. For two decades he wrote regularly for the magazine Vis\u00e3o, the Jornal de Not\u00edcias newspaper and the digital magazine Metropolis.<\/p>\n<\/div>","protected":false},"excerpt":{"rendered":"<p>PROGRAMADORES 2023 Cl\u00e1udia Marques Santos \u00a0 Licenciada em Ci\u00eancias da Comunica\u00e7\u00e3o e Mestre em Cultura Contempor\u00e2nea e Novas Tecnologias pela Universidade Nova de Lisboa, Cl\u00e1udia Marques Santos \u00e9 uma jornalista freelancer com trabalhos publicados na Vis\u00e3o, P\u00fablico, Observador, Expresso, Di\u00e1rio de Not\u00edcias, LER e Setenta e Quatro. Foi bolseira do Pulitzer Center (2023), da Funda\u00e7\u00e3o [&hellip;]<\/p>","protected":false},"author":1,"featured_media":0,"parent":0,"menu_order":0,"comment_status":"closed","ping_status":"closed","template":"","meta":{"ocean_post_layout":"right-sidebar","ocean_both_sidebars_style":"","ocean_both_sidebars_content_width":0,"ocean_both_sidebars_sidebars_width":0,"ocean_sidebar":"","ocean_second_sidebar":"","ocean_disable_margins":"on","ocean_add_body_class":"","ocean_shortcode_before_top_bar":"","ocean_shortcode_after_top_bar":"","ocean_shortcode_before_header":"","ocean_shortcode_after_header":"","ocean_has_shortcode":"","ocean_shortcode_after_title":"","ocean_shortcode_before_footer_widgets":"","ocean_shortcode_after_footer_widgets":"","ocean_shortcode_before_footer_bottom":"","ocean_shortcode_after_footer_bottom":"","ocean_display_top_bar":"off","ocean_display_header":"on","ocean_header_style":"","ocean_center_header_left_menu":"","ocean_custom_header_template":"","ocean_custom_logo":0,"ocean_custom_retina_logo":0,"ocean_custom_logo_max_width":0,"ocean_custom_logo_tablet_max_width":0,"ocean_custom_logo_mobile_max_width":0,"ocean_custom_logo_max_height":0,"ocean_custom_logo_tablet_max_height":0,"ocean_custom_logo_mobile_max_height":0,"ocean_header_custom_menu":"6","ocean_menu_typo_font_family":"","ocean_menu_typo_font_subset":"","ocean_menu_typo_font_size":0,"ocean_menu_typo_font_size_tablet":0,"ocean_menu_typo_font_size_mobile":0,"ocean_menu_typo_font_size_unit":"px","ocean_menu_typo_font_weight":"","ocean_menu_typo_font_weight_tablet":"","ocean_menu_typo_font_weight_mobile":"","ocean_menu_typo_transform":"","ocean_menu_typo_transform_tablet":"","ocean_menu_typo_transform_mobile":"","ocean_menu_typo_line_height":0,"ocean_menu_typo_line_height_tablet":0,"ocean_menu_typo_line_height_mobile":0,"ocean_menu_typo_line_height_unit":"","ocean_menu_typo_spacing":0,"ocean_menu_typo_spacing_tablet":0,"ocean_menu_typo_spacing_mobile":0,"ocean_menu_typo_spacing_unit":"","ocean_menu_link_color":"","ocean_menu_link_color_hover":"","ocean_menu_link_color_active":"","ocean_menu_link_background":"","ocean_menu_link_hover_background":"","ocean_menu_link_active_background":"","ocean_menu_social_links_bg":"","ocean_menu_social_hover_links_bg":"","ocean_menu_social_links_color":"","ocean_menu_social_hover_links_color":"","ocean_disable_title":"on","ocean_disable_heading":"default","ocean_post_title":"","ocean_post_subheading":"","ocean_post_title_style":"","ocean_post_title_background_color":"","ocean_post_title_background":0,"ocean_post_title_bg_image_position":"","ocean_post_title_bg_image_attachment":"","ocean_post_title_bg_image_repeat":"","ocean_post_title_bg_image_size":"","ocean_post_title_height":0,"ocean_post_title_bg_overlay":0.5,"ocean_post_title_bg_overlay_color":"","ocean_disable_breadcrumbs":"default","ocean_breadcrumbs_color":"","ocean_breadcrumbs_separator_color":"","ocean_breadcrumbs_links_color":"","ocean_breadcrumbs_links_hover_color":"","ocean_display_footer_widgets":"default","ocean_display_footer_bottom":"default","ocean_custom_footer_template":"","footnotes":""},"class_list":["post-1318","page","type-page","status-publish","hentry","entry"],"_links":{"self":[{"href":"https:\/\/arquivo.cineeco.pt\/en\/wp-json\/wp\/v2\/pages\/1318","targetHints":{"allow":["GET"]}}],"collection":[{"href":"https:\/\/arquivo.cineeco.pt\/en\/wp-json\/wp\/v2\/pages"}],"about":[{"href":"https:\/\/arquivo.cineeco.pt\/en\/wp-json\/wp\/v2\/types\/page"}],"author":[{"embeddable":true,"href":"https:\/\/arquivo.cineeco.pt\/en\/wp-json\/wp\/v2\/users\/1"}],"replies":[{"embeddable":true,"href":"https:\/\/arquivo.cineeco.pt\/en\/wp-json\/wp\/v2\/comments?post=1318"}],"version-history":[{"count":21,"href":"https:\/\/arquivo.cineeco.pt\/en\/wp-json\/wp\/v2\/pages\/1318\/revisions"}],"predecessor-version":[{"id":3754,"href":"https:\/\/arquivo.cineeco.pt\/en\/wp-json\/wp\/v2\/pages\/1318\/revisions\/3754"}],"wp:attachment":[{"href":"https:\/\/arquivo.cineeco.pt\/en\/wp-json\/wp\/v2\/media?parent=1318"}],"curies":[{"name":"wp","href":"https:\/\/api.w.org\/{rel}","templated":true}]}}