{"id":1723,"date":"2024-03-01T15:22:15","date_gmt":"2024-03-01T15:22:15","guid":{"rendered":"https:\/\/arquivo.cineeco.pt\/?page_id=1723"},"modified":"2024-05-09T14:41:09","modified_gmt":"2024-05-09T14:41:09","slug":"2019-forum-programa","status":"publish","type":"page","link":"https:\/\/arquivo.cineeco.pt\/en\/2019-forum-programa\/","title":{"rendered":"2019-forum-programa"},"content":{"rendered":"<div style=\"height:35px\" aria-hidden=\"true\" class=\"wp-block-spacer\"><\/div>\n\n\n\n<p><a name=\"top\"><\/a><\/p>\n\n\n\n<div class=\"wp-block-buttons has-custom-font-size is-horizontal is-content-justification-left is-layout-flex wp-container-core-buttons-is-layout-330e958a wp-block-buttons-is-layout-flex\" style=\"font-size:10px\">\n<div class=\"wp-block-button has-custom-font-size is-style-fill\" style=\"font-size:12px\"><a class=\"wp-block-button__link has-text-align-center wp-element-button\" href=\"https:\/\/arquivo.cineeco.pt\/en\/2019-forum-programa\/#top\" style=\"border-radius:10px\">PROGRAM<\/a><\/div>\n\n\n\n<div class=\"wp-block-button has-custom-font-size is-style-outline is-style-outline--1\" style=\"font-size:12px\"><a class=\"wp-block-button__link has-text-align-center wp-element-button\" href=\"https:\/\/arquivo.cineeco.pt\/en\/2019-forum-oradores\/#top\" style=\"border-radius:10px\">SPEAKERS<\/a><\/div>\n\n\n\n<div class=\"wp-block-button has-custom-font-size is-style-outline is-style-outline--2\" style=\"font-size:12px\"><a class=\"wp-block-button__link has-text-align-center wp-element-button\" href=\"https:\/\/arquivo.cineeco.pt\/wp-content\/uploads\/2024\/03\/IIInternationalEnvironmentalFilmFestivalsForum_Report.pdf\" style=\"border-radius:10px\" target=\"_blank\" rel=\"noreferrer noopener\">CONCLUSIONS<\/a><\/div>\n<\/div>\n\n\n\n<div style=\"height:35px\" aria-hidden=\"true\" class=\"wp-block-spacer\"><\/div>\n\n\n\n<h2 class=\"wp-block-heading has-text-color has-link-color wp-elements-646cb5b9e9120d15a84b62678eaeba9a\" style=\"color:#ab9431\">II INTERNATIONAL FORUM OF ENVIRONMENTAL FILM FESTIVAL<\/h2>\n\n\n\n<div style=\"height:30px\" aria-hidden=\"true\" class=\"wp-block-spacer\"><\/div>\n\n\n\n<p style=\"font-size:15px\"><strong>\u2014 12th October 2019 \u2014<\/strong><br>CISE Auditorium - Interpretation Centre of Serra da Estrela<br>9h00 am\u2013 Reception<br><strong>9h30 am\u2013 Opening Ceremony<\/strong><br>With the participation of official entities representatives.<br><strong>10h00 am \u2013 Panel I - Environmental Education through Cinema | Educating for the Territory<br>Moderator:<\/strong>&nbsp;<a href=\"https:\/\/pt.linkedin.com\/in\/francisco-teixeira-822b74a9\">Francisco Teixeira<\/a>, Portuguese Environment Agency (APA)<br><a href=\"http:\/\/greenfilmnet.org\/gfn-award\/\">Eleonora Izunsa<\/a>, GFN Board Member - Green Film Network and Co-Director of the Cinema Planeta, International Environmental Film Festival of Mexico<br>Jon Bowermaster, director of the 2019&nbsp;<a href=\"http:\/\/greenfilmnet.org\/gfn-award\/\">GFN Award<\/a>&nbsp;winning film,\u00a0CineEco 2019, EUA<br><a href=\"http:\/\/cportugalfilmcommission.pt\/\">Bruno Manique<\/a><strong>,<\/strong>&nbsp;, Centre&nbsp;Portugal Film Commission President, Portugal<br>Norberto Santos, Tourism, heritage and territory group coordinator&nbsp;- CEGOT, University of Coimbra, Portugal<br>1h00 pm \u2013 Lunch at CISE green park, with support from the Seia Higher School of Tourism and Hospitality, IPG<br><strong>3h00 pm \u2013 Panel II - The role of new generations in climate changes | climate emergency\u2014<br>Moderator:<\/strong>&nbsp;<a href=\"http:\/\/cfe.uc.pt\/profile\/members\/1581\">Helena Freitas<\/a>, Centre for Functional Ecology<br><a href=\"https:\/\/www.barbaraveiga.com\/\">B\u00e1rbara Veiga<\/a>, Photographer, Activist Filmmaker, author of the book \u201c7 anos, em 7 mares\u201d, Brazil<br><a href=\"https:\/\/www.aplixomarinho.org\/\">Paula Sobral<\/a>, Founder and President of the Portuguese Association of Marine Waste, Portugal<br><a href=\"https:\/\/zero.ong\/\">Francisco Ferreira<\/a>, FCT-NOVA and and President of the Zero Association<br><a href=\"http:\/\/www.timothybouldry.com\/\">Timothy Bouldry<\/a>, Photographer who follows histories of dumping grounds all over the world and finds solutions for local communities, USA<br><strong>6h00 pm \u2013 Closing<\/strong><\/p>\n\n\n\n<p style=\"font-size:15px\"><strong>9h30 pm | Municipal House of Culture<br>OFFICIAL OPENING OF THE 25TH EDITION OF CINEECO<\/strong><br>_Cine-concerto \u2013 The Day the Sea Came Back, Miguel Gizas | PT<\/p>\n\n\n\n<p style=\"font-size:15px\"><strong>13th October (sunday)<br>9h00 am\u2014 6h00 pm | CISE<br>Training workshops<\/strong><br>_ Financing, Programming and Communication of Film Festivals<\/p>\n\n\n\n<p style=\"font-size:15px\"><strong>9h30 pm | Municipal House of Culture<br>Award GFN<\/strong><br>Exhibition session of the best short and best long \"Festival of Festivals\u201c, with the presence of award-winning directors.<br><br>They are also invited to this forum:<br>From the Directors of the 39 festivals of the Green Film Network<br>Environmentalists, teachers, youth, filmmakers, journalists, film commissions, and other actors<\/p>\n\n\n\n<p style=\"font-size:15px\"><a href=\"https:\/\/arquivo.cineeco.pt\/wp-content\/uploads\/2024\/03\/ProgramaIIForum_grelha.png\">Download program.<\/a><\/p>","protected":false},"excerpt":{"rendered":"<p>II F\u00d3RUM INTERNACIONAL DE FESTIVAIS DE CINEMA DE AMBIENTE \u2014 12 Outubro 2019 \u2014Audit\u00f3rio do CISE \u2013 Centro de Interpreta\u00e7\u00e3o da Serra da Estrela9h00 \u2013 Rece\u00e7\u00e3o9h30 \u2013 Cerim\u00f3nia de aberturaCom a participa\u00e7\u00e3o de representantes de entidades oficiais.10h00 \u2013 Painel I: Educa\u00e7\u00e3o Ambiental atrav\u00e9s do Cinema | Educar para o Territ\u00f3rioModerador:&nbsp;Francisco Teixeira, Ag\u00eancia Portuguesa do Ambiente [&hellip;]<\/p>","protected":false},"author":1,"featured_media":0,"parent":0,"menu_order":0,"comment_status":"closed","ping_status":"closed","template":"","meta":{"ocean_post_layout":"right-sidebar","ocean_both_sidebars_style":"","ocean_both_sidebars_content_width":0,"ocean_both_sidebars_sidebars_width":0,"ocean_sidebar":"","ocean_second_sidebar":"","ocean_disable_margins":"on","ocean_add_body_class":"","ocean_shortcode_before_top_bar":"","ocean_shortcode_after_top_bar":"","ocean_shortcode_before_header":"","ocean_shortcode_after_header":"","ocean_has_shortcode":"","ocean_shortcode_after_title":"","ocean_shortcode_before_footer_widgets":"","ocean_shortcode_after_footer_widgets":"","ocean_shortcode_before_footer_bottom":"","ocean_shortcode_after_footer_bottom":"","ocean_display_top_bar":"off","ocean_display_header":"on","ocean_header_style":"","ocean_center_header_left_menu":"","ocean_custom_header_template":"","ocean_custom_logo":0,"ocean_custom_retina_logo":0,"ocean_custom_logo_max_width":0,"ocean_custom_logo_tablet_max_width":0,"ocean_custom_logo_mobile_max_width":0,"ocean_custom_logo_max_height":0,"ocean_custom_logo_tablet_max_height":0,"ocean_custom_logo_mobile_max_height":0,"ocean_header_custom_menu":"6","ocean_menu_typo_font_family":"","ocean_menu_typo_font_subset":"","ocean_menu_typo_font_size":0,"ocean_menu_typo_font_size_tablet":0,"ocean_menu_typo_font_size_mobile":0,"ocean_menu_typo_font_size_unit":"px","ocean_menu_typo_font_weight":"","ocean_menu_typo_font_weight_tablet":"","ocean_menu_typo_font_weight_mobile":"","ocean_menu_typo_transform":"","ocean_menu_typo_transform_tablet":"","ocean_menu_typo_transform_mobile":"","ocean_menu_typo_line_height":0,"ocean_menu_typo_line_height_tablet":0,"ocean_menu_typo_line_height_mobile":0,"ocean_menu_typo_line_height_unit":"","ocean_menu_typo_spacing":0,"ocean_menu_typo_spacing_tablet":0,"ocean_menu_typo_spacing_mobile":0,"ocean_menu_typo_spacing_unit":"","ocean_menu_link_color":"","ocean_menu_link_color_hover":"","ocean_menu_link_color_active":"","ocean_menu_link_background":"","ocean_menu_link_hover_background":"","ocean_menu_link_active_background":"","ocean_menu_social_links_bg":"","ocean_menu_social_hover_links_bg":"","ocean_menu_social_links_color":"","ocean_menu_social_hover_links_color":"","ocean_disable_title":"on","ocean_disable_heading":"default","ocean_post_title":"","ocean_post_subheading":"","ocean_post_title_style":"","ocean_post_title_background_color":"","ocean_post_title_background":0,"ocean_post_title_bg_image_position":"","ocean_post_title_bg_image_attachment":"","ocean_post_title_bg_image_repeat":"","ocean_post_title_bg_image_size":"","ocean_post_title_height":0,"ocean_post_title_bg_overlay":0.5,"ocean_post_title_bg_overlay_color":"","ocean_disable_breadcrumbs":"default","ocean_breadcrumbs_color":"","ocean_breadcrumbs_separator_color":"","ocean_breadcrumbs_links_color":"","ocean_breadcrumbs_links_hover_color":"","ocean_display_footer_widgets":"default","ocean_display_footer_bottom":"default","ocean_custom_footer_template":"","footnotes":""},"class_list":["post-1723","page","type-page","status-publish","hentry","entry"],"_links":{"self":[{"href":"https:\/\/arquivo.cineeco.pt\/en\/wp-json\/wp\/v2\/pages\/1723","targetHints":{"allow":["GET"]}}],"collection":[{"href":"https:\/\/arquivo.cineeco.pt\/en\/wp-json\/wp\/v2\/pages"}],"about":[{"href":"https:\/\/arquivo.cineeco.pt\/en\/wp-json\/wp\/v2\/types\/page"}],"author":[{"embeddable":true,"href":"https:\/\/arquivo.cineeco.pt\/en\/wp-json\/wp\/v2\/users\/1"}],"replies":[{"embeddable":true,"href":"https:\/\/arquivo.cineeco.pt\/en\/wp-json\/wp\/v2\/comments?post=1723"}],"version-history":[{"count":17,"href":"https:\/\/arquivo.cineeco.pt\/en\/wp-json\/wp\/v2\/pages\/1723\/revisions"}],"predecessor-version":[{"id":3706,"href":"https:\/\/arquivo.cineeco.pt\/en\/wp-json\/wp\/v2\/pages\/1723\/revisions\/3706"}],"wp:attachment":[{"href":"https:\/\/arquivo.cineeco.pt\/en\/wp-json\/wp\/v2\/media?parent=1723"}],"curies":[{"name":"wp","href":"https:\/\/api.w.org\/{rel}","templated":true}]}}