{"id":2391,"date":"2024-03-19T15:17:49","date_gmt":"2024-03-19T15:17:49","guid":{"rendered":"https:\/\/arquivo.cineeco.pt\/?page_id=2391"},"modified":"2024-05-10T11:22:19","modified_gmt":"2024-05-10T11:22:19","slug":"2022-juri","status":"publish","type":"page","link":"https:\/\/arquivo.cineeco.pt\/en\/2022-juri\/","title":{"rendered":"2022-juri"},"content":{"rendered":"<div style=\"height:35px\" aria-hidden=\"true\" class=\"wp-block-spacer\"><\/div>\n\n\n\n<p><a name=\"top\"><\/a><\/p>\n\n\n\n<div class=\"wp-block-buttons has-custom-font-size is-horizontal is-content-justification-center is-layout-flex wp-container-core-buttons-is-layout-a85bcc9b wp-block-buttons-is-layout-flex\" style=\"font-size:10px\">\n<div class=\"wp-block-button has-custom-font-size is-style-outline is-style-outline--1\" style=\"font-size:11px\"><a class=\"wp-block-button__link has-text-align-center wp-element-button\" href=\"https:\/\/arquivo.cineeco.pt\/en\/2022-selecao-oficial\/#top\" style=\"border-radius:10px\">OFFICIAL SELECTION<\/a><\/div>\n\n\n\n<div class=\"wp-block-button has-custom-font-size is-style-outline is-style-outline--2\" style=\"font-size:11px\"><a class=\"wp-block-button__link has-text-align-center wp-element-button\" href=\"https:\/\/arquivo.cineeco.pt\/en\/2022-premios\/#top\" style=\"border-radius:10px\">AWARDS<\/a><\/div>\n\n\n\n<div class=\"wp-block-button has-custom-font-size is-style-outline is-style-outline--3\" style=\"font-size:11px\"><a class=\"wp-block-button__link has-text-align-center wp-element-button\" href=\"https:\/\/arquivo.cineeco.pt\/en\/2022-atividades\/#top\" style=\"border-radius:10px\">PARALLEL ACTIVITIES<\/a><\/div>\n\n\n\n<div class=\"wp-block-button has-custom-font-size is-style-fill\" style=\"font-size:11px\"><a class=\"wp-block-button__link has-text-align-center wp-element-button\" href=\"https:\/\/arquivo.cineeco.pt\/en\/2022-juri\/#top\" style=\"border-radius:10px\">JURY<\/a><\/div>\n\n\n\n<div class=\"wp-block-button has-custom-font-size is-style-outline is-style-outline--4\" style=\"font-size:11px\"><a class=\"wp-block-button__link has-text-align-center wp-element-button\" href=\"https:\/\/arquivo.cineeco.pt\/en\/2022-padrinho\/#top\" style=\"border-radius:10px\">NATIONAL GODFATHER<\/a><\/div>\n\n\n\n<div class=\"wp-block-button has-custom-font-size is-style-outline is-style-outline--5\" style=\"font-size:11px\"><a class=\"wp-block-button__link has-text-align-center wp-element-button\" href=\"https:\/\/arquivo.cineeco.pt\/wp-content\/uploads\/2024\/03\/programa_CineEco22_AF_web.pdf\" style=\"border-radius:10px\">PROGRAM<\/a><\/div>\n\n\n\n<div class=\"wp-block-button has-custom-font-size is-style-outline is-style-outline--6\" style=\"font-size:11px\"><a class=\"wp-block-button__link has-text-align-center wp-element-button\" href=\"https:\/\/arquivo.cineeco.pt\/wp-content\/uploads\/2024\/03\/catalogo-CineEco-2022_web.pdf\" style=\"border-radius:10px\">CATALOGUE<\/a><\/div>\n\n\n\n<div class=\"wp-block-button has-custom-font-size is-style-outline is-style-outline--7\" style=\"font-size:11px\"><a class=\"wp-block-button__link has-text-align-center wp-element-button\" href=\"https:\/\/arquivo.cineeco.pt\/en\/2022-galeria\/#top\" style=\"border-radius:10px\">GALLERY<\/a><\/div>\n<\/div>\n\n\n\n<div style=\"height:35px\" aria-hidden=\"true\" class=\"wp-block-spacer\"><\/div>\n\n\n\n<h2 class=\"wp-block-heading has-text-color has-link-color wp-elements-e6270c0f07d5c30a454f050274f9c833\" style=\"color:#ab9431\">J\u00daRI 2022<\/h2>\n\n\n\n<div style=\"height:35px\" aria-hidden=\"true\" class=\"wp-block-spacer\"><\/div>\n\n\n\n<p style=\"font-size:16px\"><strong>JURY OF FEATURE INTERNATIONAL COMPETITION<\/strong><\/p>\n\n\n\n<div class=\"wp-block-media-text is-stacked-on-mobile\"><figure class=\"wp-block-media-text__media\"><img decoding=\"async\" src=\"http:\/\/www.cineeco.pt\/2022\/imagens\/juri\/ana-rocha.png\" alt=\"\"\/><\/figure><div class=\"wp-block-media-text__content\">\n<p><\/p>\n<\/div><\/div>\n\n\n\n<p><strong>Ana Rocha<\/strong>, Portugal, director<\/p>\n\n\n\n<p>Born in Lisbon, she studied and lived in London. Still in Lisbon, she worked for 12 years as an actress and was also a Painting student at the Faculty of Fine Arts, University of Lisbon. Later she went to the London Film School where she completed her master\u2019s degree in Cinema. It is a field where she has made a name for herself internationally. With a passion for stories and people, she has delved into fiction and realism in a marriage she felt was right from the start. By observing different worlds and modes of expression, Ana Rocha de Sousa touches on an array of areas. She started in the plastic arts, art management, photography and acting. She subsequently discovered this same union and juxtaposition through the strength of cinema. She debuted her first feature-length fiction film in 2020 called \u2018Listen\u2019 which won several national and international awards. She has progressed her career in multiple areas.<\/p>\n\n\n\n<div style=\"height:35px\" aria-hidden=\"true\" class=\"wp-block-spacer\"><\/div>\n\n\n\n<div class=\"wp-block-media-text is-stacked-on-mobile\"><figure class=\"wp-block-media-text__media\"><img decoding=\"async\" src=\"http:\/\/www.cineeco.pt\/2022\/imagens\/juri\/andre-graca.png\" alt=\"\"\/><\/figure><div class=\"wp-block-media-text__content\">\n<p><\/p>\n<\/div><\/div>\n\n\n\n<p><strong>Andr\u00e9 Rui Gra\u00e7a<\/strong>, Portugal, professor at Universidade da Beira Interior<\/p>\n\n\n\n<p>Andr\u00e9 Rui Gra\u00e7a is an invited teacher in the Cinema and Sciences of Culture Courses of the University of Beira Interior, a researcher at CEIS20 of the University of Coimbra, and CICANT of the Universidade Lus\u00f3fona, and a consultant. He did his master\u2019s degree and PhD at the University College London and an MBA at the University of Coimbra. He has presented his work internationally and been published frequently, both in the academic field and outside academia (mainly, but not only, on Portuguese cinema, the intersection between cinema and economics\/the market and cinema theory). Among other works and articles about cinema and culture, he is one of the authors of the History of Cinema (2021, Edi\u00e7\u00f5es 70), coordinated by Nelson Ara\u00fajo, and the author of: Portuguese Cinema: Consumption, Circulation and Commerce (1960-2010) (2021, Boydell and Brewer).<\/p>\n\n\n\n<div style=\"height:35px\" aria-hidden=\"true\" class=\"wp-block-spacer\"><\/div>\n\n\n\n<div class=\"wp-block-media-text is-stacked-on-mobile\"><figure class=\"wp-block-media-text__media\"><img decoding=\"async\" src=\"http:\/\/www.cineeco.pt\/2022\/imagens\/juri\/jose-barahona.png\" alt=\"\"\/><\/figure><div class=\"wp-block-media-text__content\">\n<p><\/p>\n<\/div><\/div>\n\n\n\n<p><strong>Jos\u00e9 Barahona<\/strong>, Portugal, director<\/p>\n\n\n\n<p>He graduated at Lisbon\u2019s Theatre and Cinema School in 1992, and completed his studies in Cuba and New York. In 2013 he became a partner of the Brazilian producer Refinaria Filmes and was a programmer and producer of the Mostra Cinema Portugu\u00eas Contempor\u00e2neo (Contemporary Portuguese Cinema Display) which took place in several Brazilian cities. He was an external reviewer of the Audio-visual Sector Fund, in Brazil, and was the Brazilian co-producer through Refinaria Filmes of the feature-length films Pedro e In\u00eas and Raiva. Among his work as a director, especially noteworthy are the films Milho (Corn), which won an award at CineEco 2009, O manuscrito perdido (The lost manuscript), Estive em Lisboa e lembrei de voc\u00ea (I was in Lisbon and remembered you) and Alma clandestina (Clandestine soul). In 2020 he debuted Nheengatu, which was the opening film of the Doclisboa festival that year and won awards at various festivals.<\/p>\n\n\n\n<div style=\"height:50px\" aria-hidden=\"true\" class=\"wp-block-spacer\"><\/div>\n\n\n\n<p style=\"font-size:16px\"><strong>JURY OF SHORT AND TV INTERNATIONAL COMPETITION<\/strong><\/p>\n\n\n\n<div class=\"wp-block-media-text is-stacked-on-mobile\"><figure class=\"wp-block-media-text__media\"><img decoding=\"async\" src=\"http:\/\/www.cineeco.pt\/2022\/imagens\/juri\/nuno-barros.png\" alt=\"\"\/><\/figure><div class=\"wp-block-media-text__content\">\n<p><\/p>\n<\/div><\/div>\n\n\n\n<p><strong>Nuno Barros<\/strong>, Portugal, Lipor<\/p>\n\n\n\n<p>A Biology graduate at the University of Porto, he has spent most of his career working on Environmental and Sustainability issues. He has worked for several years at LIPOR in the fields of Social Responsibility and Corporate Sustainability, carrying out projects in several areas, namely Agenda 21 and SA8000. He spent four years in the United States where he worked at the Houston Museum of Natural Science and the Museum of Fine Arts in Houston in the areas of training, educational support and visitor assistance. He is currently part of the Communication, Marketing and Sustainability Department, where he is in charge of the management of internal and external communication resources and where he continues to carry out Social Responsibility projects. He is delighted to be part of the CineEco Festival Jury for the 5th time.<\/p>\n\n\n\n<div style=\"height:35px\" aria-hidden=\"true\" class=\"wp-block-spacer\"><\/div>\n\n\n\n<div class=\"wp-block-media-text is-stacked-on-mobile\"><figure class=\"wp-block-media-text__media\"><img decoding=\"async\" src=\"http:\/\/www.cineeco.pt\/2022\/imagens\/juri\/ana-melo.png\" alt=\"\"\/><\/figure><div class=\"wp-block-media-text__content\">\n<p><\/p>\n<\/div><\/div>\n\n\n\n<p><strong>Ana Melo<\/strong>, Portugal, Universidade Minho<\/p>\n\n\n\n<p>Teacher and researcher at the University of Minho\/Communication and Society Study Centre, and a PhD in Communication Sciences, master in Sound and Image, and specialised in script-writing, she teaches advertising, strategic and territorial communication, creativity and script-writing. She has been a journalist, copywriter and creative director. She is interested in the interaction between advertising, citizenship and participation as a form of resistance and activist resilience. Born at the foot of the Serra da Estrela mountains, she has a strong connection to the land and nature, cultivating her own plot of land and tries to be an ecologically sustainable citizen, alive to the alternative ways of living and behaviours.<\/p>\n\n\n\n<div style=\"height:35px\" aria-hidden=\"true\" class=\"wp-block-spacer\"><\/div>\n\n\n\n<div class=\"wp-block-media-text is-stacked-on-mobile\"><figure class=\"wp-block-media-text__media\"><img decoding=\"async\" src=\"http:\/\/www.cineeco.pt\/2022\/imagens\/juri\/fernando-vasquez.png\" alt=\"\"\/><\/figure><div class=\"wp-block-media-text__content\">\n<p><\/p>\n<\/div><\/div>\n\n\n\n<p><strong>Fernando Vasquez<\/strong>, Portugal, Director of Cinematographic Programming at FEST -New Directors | New Cinema<\/p>\n\n\n\n<p>Born in the city of Porto, Fernando Vasquez graduated in Cinema at Buckinghamshire Chilterns University College and took a post-Graduation course in journalism at the London School of Journalism. After working on several cinematographic productions he became a cinema journalist and critic for several publications in the United Kingdom, Portugal and Brazil, such as the \u201cIndependent on Sunday\u201d, \u201cBulb Magazine\u201d and \u201cRevista Sai\u201d. Since 2010 he has worked in FEST - New Directors | New Cinema (www.fest.pt) as a Cinematographic Programming Director. Between 2012 and 2016 he also accumulated several functions at Nisi Masa - European Network of Young Cinema, where he was Director of the Debating Department and Editor-in-Chief of the \u201cNisimazine'' magazine, where he supervised several workshops for cinema critics in festivals such as Cannes, Rotterdam, Venice and San Sebastian, among many others. Fernando Vasquez also frequently works with several independent producers and authors to define international distribution strategies for cinema. In recent years, Fernando Vasquez has been a member of various juries for film contests, projects and pitching sessions at events such as Kort Film Festival (Norway), Shortwaves (Poland), Valleta Film Festival (Malta), Primer Test and Rec Film Festival (Spain).<\/p>\n\n\n\n<div style=\"height:50px\" aria-hidden=\"true\" class=\"wp-block-spacer\"><\/div>\n\n\n\n<p style=\"font-size:16px\"><strong>J\u00daRI COMP. LONGAS E CURTAS-METRAGENS&nbsp;L\u00cdNGUA PORTUGUESA E PANORAMA REGIONAL<\/strong><\/p>\n\n\n\n<div class=\"wp-block-media-text is-stacked-on-mobile\"><figure class=\"wp-block-media-text__media\"><img decoding=\"async\" src=\"http:\/\/www.cineeco.pt\/2022\/imagens\/juri\/adriana-neymer.png\" alt=\"\"\/><\/figure><div class=\"wp-block-media-text__content\">\n<p><\/p>\n<\/div><\/div>\n\n\n\n<p><strong>Adriana Neymer<\/strong>, Brazil, artistic director and programmer at FESTin<\/p>\n\n\n\n<p>Adriana Niemeyer has been the artistic director and programmer of the Portuguese-Language Travelling Cinema Festival (FESTin) since its creation in 2010, and a journalist. Brazilian, she has lived in Portugal for 15 years. She was a correspondent of the Estado de S\u00e3o Paulo newspaper, GloboNews and R\u00e1dio Vaticana \u2013 among others \u2013 in Argentina and Italy. She also worked in Austria and the Balkans for the Expresso and R\u00e1dio Renascen\u00e7a. She is currently a correspondent for R\u00e1dio Fran\u00e7a Internacional and the Il Faro di Roma newspaper in Lisbon. In the Portuguese capital she produced the \u201c120 Years of Fernando Pessoa\u201d documentary and the \u201cSemana de Clarice Lispector\u201d. She has organised several premieres\/galas of the International Association of Foreign Journalists, the Chapit\u00f4 Women Clowns Festival and the ACIDI Photography Exhibition. She supervised the press coverage of several cinema festivals, such as Venice, Taormina (Sicily), Viennale and Belgrade.<\/p>\n\n\n\n<div style=\"height:35px\" aria-hidden=\"true\" class=\"wp-block-spacer\"><\/div>\n\n\n\n<div class=\"wp-block-media-text is-stacked-on-mobile\"><figure class=\"wp-block-media-text__media\"><img decoding=\"async\" src=\"http:\/\/www.cineeco.pt\/2022\/imagens\/juri\/bruno-lourenco.png\" alt=\"\"\/><\/figure><div class=\"wp-block-media-text__content\">\n<p><\/p>\n<\/div><\/div>\n\n\n\n<p><strong>Bruno Louren\u00e7o<\/strong>, Portugal, director<\/p>\n\n\n\n<p>He studied Cinema at the Lisbon Theatre and Film School and graduated in Communication Sciences at the Autonomous University of Lisbon (UAL). He has worked since 1995 in cinema in the areas of production and directing. He has worked with an array of different directors including Miguel Gomes, Manuel Mozos, Jos\u00e9 Fonseca e Costa, Eug\u00e8ne Green, Jo\u00e3o Nicolau and Telmo Churro. He has written and directed two short films, Tony and OSO.<\/p>\n\n\n\n<div style=\"height:35px\" aria-hidden=\"true\" class=\"wp-block-spacer\"><\/div>\n\n\n\n<div class=\"wp-block-media-text is-stacked-on-mobile\"><figure class=\"wp-block-media-text__media\"><img decoding=\"async\" src=\"http:\/\/www.cineeco.pt\/2022\/imagens\/juri\/luisa-lopes.png\" alt=\"\"\/><\/figure><div class=\"wp-block-media-text__content\">\n<p><\/p>\n<\/div><\/div>\n\n\n\n<p><strong>Lu\u00edsa Lopes<\/strong>, Portugal, Deputy Director of Teatro Acad\u00e9mico de Gil Vicente.<\/p>\n\n\n\n<p>Assistant Director of the Academic Theatre of Gil Vicente, University of Coimbra (UC); Culture and Patrimony Advisor at the UC and Science Museum [2005-2017]; Cinema and Festival Extensions Programmer; Financial Management Director and Cinema, Sciences and New Technologies Programmer, Coimbra National Culture Capital 2003\/MC; Jury member in the \u201cBotanical Missions in Africa\u201d films; Management of ProUrbe and City Council\/Culture, Policies\/Active Citizenship; Jury member in the TCVAAC cinema contests (2010-2014); Member of the Cultural, Quality and Management Council; TAGV Artistic Services [1997-2001]; Collaborated with DRCNorte; Cultural Departments: RUC, TEUC, Photography Meetings, among others; Part of the management bodies of the CAOPC\/Anozero-Arts and Architecture Biennial and the Lusophone Scene Association, an association for cultural exchange amongst Portuguese-speaking countries.<\/p>\n\n\n\n<div style=\"height:50px\" aria-hidden=\"true\" class=\"wp-block-spacer\"><\/div>\n\n\n\n<p style=\"font-size:16px\"><strong>YOUTH JURY<\/strong><\/p>\n\n\n\n<div class=\"wp-block-media-text is-stacked-on-mobile\"><figure class=\"wp-block-media-text__media\"><img decoding=\"async\" src=\"http:\/\/www.cineeco.pt\/2022\/imagens\/juri\/maria-mendonca.png\" alt=\"\"\/><\/figure><div class=\"wp-block-media-text__content\">\n<p><\/p>\n<\/div><\/div>\n\n\n\n<p><strong>Maria Mendon\u00e7a<\/strong><\/p>\n\n\n\n<p>Maria Isabel Mendon\u00e7a (1994, Seia) has a master\u2019s in Architecture from the Faculdade de Arquitetura da Universidade do Porto (FAUP), since 2017. She is a researcher at the Centre for Architecture and Urbanism Studies (CEAU-FAUP), where she develops research work in the field of spatial planning and the construction of the rural landscape. PhD student and scholarship holder of the Funda\u00e7\u00e3o para a Ci\u00eancia e Tecnologia, she is preparing a thesis on \"A raia de Ribac\u00f4a. Dialectics of settlement organisation and rural landscape construction\", supervised by Marta Oliveira (CEAU-FAUP) and co-supervised by Virg\u00edlio Borges Pereira (FLUP and CEAU-FAUP).<br>She also has a degree in Music - Piano and Keyboard, from the Escola Superior de M\u00fasica e Artes do Espet\u00e1culo (ESMAE-IPP), in 2019. She founded the projects \"Re: Flexus Trio\" (2018) and \"Ningue Ningue\" (2020), the latter in partnership with the musician C\u00e9sar Prata about oral root music.<\/p>\n\n\n\n<div style=\"height:35px\" aria-hidden=\"true\" class=\"wp-block-spacer\"><\/div>\n\n\n\n<div class=\"wp-block-media-text is-stacked-on-mobile\"><figure class=\"wp-block-media-text__media\"><img decoding=\"async\" src=\"http:\/\/www.cineeco.pt\/2022\/imagens\/juri\/francisca-gouveia.jpg\" alt=\"\"\/><\/figure><div class=\"wp-block-media-text__content\">\n<p><\/p>\n<\/div><\/div>\n\n\n\n<p><strong>Francisca Gouveia<\/strong><\/p>\n\n\n\n<p>She was born and raised in Coimbra, having fostered her connections with her maternal roots in Seia. She is 18 and is currently finishing the Secondary Course in Dance at the Artistic School of Coimbra Music Conservatory. She has been dancing since she was 4 years old, and it is a passion that demands profound dedication and continuous work. An assiduous attender of workshops, courses and national and international contests, she believes all artistic manifestation is the highest form of human expression.<\/p>\n\n\n\n<div style=\"height:35px\" aria-hidden=\"true\" class=\"wp-block-spacer\"><\/div>\n\n\n\n<div class=\"wp-block-media-text is-stacked-on-mobile\"><figure class=\"wp-block-media-text__media\"><img decoding=\"async\" src=\"http:\/\/www.cineeco.pt\/2022\/imagens\/juri\/joao-andre.png\" alt=\"\"\/><\/figure><div class=\"wp-block-media-text__content\">\n<p><\/p>\n<\/div><\/div>\n\n\n\n<p><strong>Jo\u00e3o Andr\u00e9 Jorge<\/strong><\/p>\n\n\n\n<p>Jo\u00e3o Andr\u00e9 dos Santos Jorge is 18 years old and is attending the Photography Course at Tomar Polytechnic Institute. He has a deep passion for photography and video. He shares his photographs on his Instagram page (@joao_andre_fotografia). He did an Erasmus project in Spain lasting 6 months, where he worked as a director, cameraman, sound technician, among other multimedia areas.<\/p>\n\n\n\n<div style=\"height:35px\" aria-hidden=\"true\" class=\"wp-block-spacer\"><\/div>\n\n\n\n<div class=\"wp-block-media-text is-stacked-on-mobile\"><figure class=\"wp-block-media-text__media\"><img decoding=\"async\" src=\"http:\/\/www.cineeco.pt\/2022\/imagens\/juri\/margarida-branquinho.jpg\" alt=\"\"\/><\/figure><div class=\"wp-block-media-text__content\">\n<p><\/p>\n<\/div><\/div>\n\n\n\n<p><strong>Margarida Branquinho<\/strong><\/p>\n\n\n\n<p>Born in Seia, she is 21 years old and is devoted to social causes. She is a graduate in Language, Literature and Culture, with the specialisation of English\/American and Portuguese studies, from the Social Sciences and Humanities Faculty of the NOVA University Lisbon. She studied Modern Languages for one semester at the ELTE University in Budapest. She is an ardent fan of poetry, novels, cultures but above all the important fight against social injustices. She has attended CineEco since her early years and feels it is now time for her voice to be heard in its community and to grasp the opportunity to expand her knowledge in an extremely important area for the young people of the world.<\/p>\n\n\n\n<div style=\"height:35px\" aria-hidden=\"true\" class=\"wp-block-spacer\"><\/div>\n\n\n\n<div class=\"wp-block-media-text is-stacked-on-mobile\"><figure class=\"wp-block-media-text__media\"><img decoding=\"async\" src=\"http:\/\/www.cineeco.pt\/2022\/imagens\/juri\/maria-joao.png\" alt=\"\"\/><\/figure><div class=\"wp-block-media-text__content\">\n<p><\/p>\n<\/div><\/div>\n\n\n\n<p><strong>Maria Jo\u00e3o<\/strong><\/p>\n\n\n\n<p>Maria Jo\u00e3o Almeida is 23 years old and lives in Santa Comba de Seia and is currently studying in Vila do Conde, at the Media Arts and Design School. She finished her Professional Technical Course in Motion Design and Special Effects, moving on to her Multimedia degree at the same school. She has a passion for the arts and finding out where creativity can take each one of us, and as such seeks to evolve permanently.<\/p>\n\n\n\n<div style=\"height:35px\" aria-hidden=\"true\" class=\"wp-block-spacer\"><\/div>\n\n\n\n<div class=\"wp-block-media-text is-stacked-on-mobile\"><figure class=\"wp-block-media-text__media\"><img decoding=\"async\" src=\"http:\/\/www.cineeco.pt\/2022\/imagens\/juri\/pedro-dinis.jpg\" alt=\"\"\/><\/figure><div class=\"wp-block-media-text__content\">\n<p><\/p>\n<\/div><\/div>\n\n\n\n<p><strong>Pedro Dinis Silva<\/strong><\/p>\n\n\n\n<p>Pedro Dinis Silva was born in Vila Cova \u00e0 Coelheira, Seia. He grew up \u201cgripped\u201d by the piano, comics and the wonders of farmlands and nature. He quickly realised he was more at ease with words than with numbers, and he enrolled at the Faculty of Letters of the University of Coimbra, where he graduated in Journalism and Communication. He was part of the University of Coimbra Newspaper, A Cabra, where he took on the role of director, and joined the team of writers of Espalha-Factos, where he wrote for the Music section. Along the way he developed an immense fondness for culture and the arts, in particular music and cinema, about which he has written his ideas in a range of places. Today he is completing his master\u2019s degree in Communication, Art and Culture at the University of Minho.<\/p>","protected":false},"excerpt":{"rendered":"<p>J\u00daRI 2022 J\u00daRI DA COMPETI\u00c7\u00c3O INTERNACIONAL LONGAS Ana Rocha, Portugal, realizadora Nasceu em Lisboa, estudou e viveu em Londres. Ainda em Lisboa, trabalhou 12 anos como atriz e foi tamb\u00e9m estudante de Pintura na Faculdade de Belas Artes de Lisboa. Mais tarde entra na London Film School onde completa o mestrado em Cinema. \u00c1rea onde [&hellip;]<\/p>","protected":false},"author":1,"featured_media":0,"parent":0,"menu_order":0,"comment_status":"closed","ping_status":"closed","template":"","meta":{"ocean_post_layout":"right-sidebar","ocean_both_sidebars_style":"","ocean_both_sidebars_content_width":0,"ocean_both_sidebars_sidebars_width":0,"ocean_sidebar":"","ocean_second_sidebar":"","ocean_disable_margins":"on","ocean_add_body_class":"","ocean_shortcode_before_top_bar":"","ocean_shortcode_after_top_bar":"","ocean_shortcode_before_header":"","ocean_shortcode_after_header":"","ocean_has_shortcode":"","ocean_shortcode_after_title":"","ocean_shortcode_before_footer_widgets":"","ocean_shortcode_after_footer_widgets":"","ocean_shortcode_before_footer_bottom":"","ocean_shortcode_after_footer_bottom":"","ocean_display_top_bar":"off","ocean_display_header":"on","ocean_header_style":"","ocean_center_header_left_menu":"","ocean_custom_header_template":"","ocean_custom_logo":0,"ocean_custom_retina_logo":0,"ocean_custom_logo_max_width":0,"ocean_custom_logo_tablet_max_width":0,"ocean_custom_logo_mobile_max_width":0,"ocean_custom_logo_max_height":0,"ocean_custom_logo_tablet_max_height":0,"ocean_custom_logo_mobile_max_height":0,"ocean_header_custom_menu":"6","ocean_menu_typo_font_family":"","ocean_menu_typo_font_subset":"","ocean_menu_typo_font_size":0,"ocean_menu_typo_font_size_tablet":0,"ocean_menu_typo_font_size_mobile":0,"ocean_menu_typo_font_size_unit":"px","ocean_menu_typo_font_weight":"","ocean_menu_typo_font_weight_tablet":"","ocean_menu_typo_font_weight_mobile":"","ocean_menu_typo_transform":"","ocean_menu_typo_transform_tablet":"","ocean_menu_typo_transform_mobile":"","ocean_menu_typo_line_height":0,"ocean_menu_typo_line_height_tablet":0,"ocean_menu_typo_line_height_mobile":0,"ocean_menu_typo_line_height_unit":"","ocean_menu_typo_spacing":0,"ocean_menu_typo_spacing_tablet":0,"ocean_menu_typo_spacing_mobile":0,"ocean_menu_typo_spacing_unit":"","ocean_menu_link_color":"","ocean_menu_link_color_hover":"","ocean_menu_link_color_active":"","ocean_menu_link_background":"","ocean_menu_link_hover_background":"","ocean_menu_link_active_background":"","ocean_menu_social_links_bg":"","ocean_menu_social_hover_links_bg":"","ocean_menu_social_links_color":"","ocean_menu_social_hover_links_color":"","ocean_disable_title":"on","ocean_disable_heading":"default","ocean_post_title":"","ocean_post_subheading":"","ocean_post_title_style":"","ocean_post_title_background_color":"","ocean_post_title_background":0,"ocean_post_title_bg_image_position":"","ocean_post_title_bg_image_attachment":"","ocean_post_title_bg_image_repeat":"","ocean_post_title_bg_image_size":"","ocean_post_title_height":0,"ocean_post_title_bg_overlay":0.5,"ocean_post_title_bg_overlay_color":"","ocean_disable_breadcrumbs":"default","ocean_breadcrumbs_color":"","ocean_breadcrumbs_separator_color":"","ocean_breadcrumbs_links_color":"","ocean_breadcrumbs_links_hover_color":"","ocean_display_footer_widgets":"default","ocean_display_footer_bottom":"default","ocean_custom_footer_template":"","footnotes":""},"class_list":["post-2391","page","type-page","status-publish","hentry","entry"],"_links":{"self":[{"href":"https:\/\/arquivo.cineeco.pt\/en\/wp-json\/wp\/v2\/pages\/2391","targetHints":{"allow":["GET"]}}],"collection":[{"href":"https:\/\/arquivo.cineeco.pt\/en\/wp-json\/wp\/v2\/pages"}],"about":[{"href":"https:\/\/arquivo.cineeco.pt\/en\/wp-json\/wp\/v2\/types\/page"}],"author":[{"embeddable":true,"href":"https:\/\/arquivo.cineeco.pt\/en\/wp-json\/wp\/v2\/users\/1"}],"replies":[{"embeddable":true,"href":"https:\/\/arquivo.cineeco.pt\/en\/wp-json\/wp\/v2\/comments?post=2391"}],"version-history":[{"count":8,"href":"https:\/\/arquivo.cineeco.pt\/en\/wp-json\/wp\/v2\/pages\/2391\/revisions"}],"predecessor-version":[{"id":3749,"href":"https:\/\/arquivo.cineeco.pt\/en\/wp-json\/wp\/v2\/pages\/2391\/revisions\/3749"}],"wp:attachment":[{"href":"https:\/\/arquivo.cineeco.pt\/en\/wp-json\/wp\/v2\/media?parent=2391"}],"curies":[{"name":"wp","href":"https:\/\/api.w.org\/{rel}","templated":true}]}}