{"id":3562,"date":"2024-05-07T12:54:42","date_gmt":"2024-05-07T12:54:42","guid":{"rendered":"https:\/\/arquivo.cineeco.pt\/?page_id=3562"},"modified":"2024-05-07T13:17:38","modified_gmt":"2024-05-07T13:17:38","slug":"2019-palmares","status":"publish","type":"page","link":"https:\/\/arquivo.cineeco.pt\/en\/2019-palmares\/","title":{"rendered":"2019-palmares"},"content":{"rendered":"<div style=\"height:35px\" aria-hidden=\"true\" class=\"wp-block-spacer\"><\/div>\n\n\n\n<p><a name=\"top\"><\/a><\/p>\n\n\n\n<div class=\"wp-block-buttons has-custom-font-size is-horizontal is-content-justification-center is-layout-flex wp-container-core-buttons-is-layout-a85bcc9b wp-block-buttons-is-layout-flex\" style=\"font-size:10px\">\n<div class=\"wp-block-button has-custom-font-size is-style-outline is-style-outline--1\" style=\"font-size:11px\"><a class=\"wp-block-button__link has-text-align-center wp-element-button\" href=\"https:\/\/arquivo.cineeco.pt\/en\/2019-selecao-oficial\/#top\" style=\"border-radius:10px\">OFFICIAL SELECTION<\/a><\/div>\n\n\n\n<div class=\"wp-block-button has-custom-font-size is-style-outline is-style-outline--2\" style=\"font-size:11px\"><a class=\"wp-block-button__link has-text-align-center wp-element-button\" href=\"https:\/\/arquivo.cineeco.pt\/en\/2019-sessoes\/#top\" style=\"border-radius:10px\">SPECIAL SESSIONS<\/a><\/div>\n\n\n\n<div class=\"wp-block-button has-custom-font-size is-style-outline is-style-outline--3\" style=\"font-size:11px\"><a class=\"wp-block-button__link has-text-align-center wp-element-button\" href=\"https:\/\/arquivo.cineeco.pt\/en\/2019-atividades\/#top\" style=\"border-radius:10px\">PARALLEL ACTIVITIES<\/a><\/div>\n\n\n\n<div class=\"wp-block-button has-custom-font-size is-style-outline is-style-outline--4\" style=\"font-size:11px\"><a class=\"wp-block-button__link has-text-align-center wp-element-button\" href=\"https:\/\/www.cineeco.pt\/2019\/outros\/CineEco19_Programa_web.pdf\" style=\"border-radius:10px\">PROGRAM<\/a><\/div>\n\n\n\n<div class=\"wp-block-button has-custom-font-size is-style-outline is-style-outline--5\" style=\"font-size:11px\"><a class=\"wp-block-button__link has-text-align-center wp-element-button\" href=\"https:\/\/www.cineeco.pt\/2019\/outros\/CineEco 19_catalogo_web.pdf\" style=\"border-radius:10px\">CATALOGUE<\/a><\/div>\n\n\n\n<div class=\"wp-block-button has-custom-font-size is-style-outline is-style-outline--6\" style=\"font-size:11px\"><a class=\"wp-block-button__link has-text-align-center wp-element-button\" href=\"https:\/\/arquivo.cineeco.pt\/en\/2019-juri\/#top\" style=\"border-radius:10px\">JURY<\/a><\/div>\n\n\n\n<div class=\"wp-block-button has-custom-font-size is-style-outline is-style-outline--7\" style=\"font-size:11px\"><a class=\"wp-block-button__link has-text-align-center wp-element-button\" href=\"https:\/\/arquivo.cineeco.pt\/en\/2019-galeria\/#top\" style=\"border-radius:10px\">GALLERY<\/a><\/div>\n\n\n\n<div class=\"wp-block-button has-custom-font-size is-style-outline is-style-outline--8\" style=\"font-size:11px\"><a class=\"wp-block-button__link has-text-align-center wp-element-button\" href=\"https:\/\/arquivo.cineeco.pt\/en\/2019-gfn-award\/#top\" style=\"border-radius:10px\">GFN AWARD<\/a><\/div>\n<\/div>\n\n\n\n<div style=\"height:35px\" aria-hidden=\"true\" class=\"wp-block-spacer\"><\/div>\n\n\n\n<h2 class=\"wp-block-heading has-text-color has-link-color wp-elements-d4300feda0a59fc5621a3cd72cea994b\" style=\"color:#ab9431\">AWARD WINNERS OF THE 25th CINEECO 2019 EDITION<\/h2>\n\n\n\n<p style=\"font-size:15px\"><\/p>\n\n\n\n<p style=\"font-size:15px\"><img decoding=\"async\" style=\"height:173px; width:256px\" src=\"https:\/\/www.cineeco.pt\/2019\/imagens\/palmares.png\"><\/p>\n\n\n\n<p style=\"font-size:15px\"><br><\/p>\n\n\n\n<p style=\"font-size:15px\"><strong>Seia, 19 october 2019<\/strong><\/p>\n\n\n\n<p><\/p>\n\n\n\n<p style=\"font-size:18px\"><strong>FEATURE FILMS INTERNATIONAL COMPETITION<\/strong><\/p>\n\n\n\n<p style=\"font-size:15px\"><strong>&gt;&gt; GRAND PRIZE ENVIRONMENT CINEECO<\/strong><\/p>\n\n\n\n<p style=\"font-size:15px\"><strong><em>INJUSTI\u00c7A&nbsp;&nbsp;<\/em><\/strong><em>(Grit)<\/em>, Cynthia Wade &amp; Sasha Friedlander, doc., EUA\/Ind\u00f3nia\/Dinamarca, 2018, 80\u2019<\/p>\n\n\n\n<p style=\"font-size:15px\"><strong>&gt;&gt; ENVIRONMENTAL ANTHROPOLOGY AWARD_Liberty Insurance&nbsp;<\/strong><\/p>\n\n\n\n<p style=\"font-size:15px\"><strong><em>REACTOR PERDIDO<\/em><\/strong>&nbsp;(Lost Reactor), Alexandra Westmeier, doc. Alemanha, 2018, 76\u2019<\/p>\n\n\n\n<p style=\"font-size:15px\"><strong>&gt;&gt; ENVIRONMENTAL EDUCATION AWARD_Mares Navegados Association<\/strong><\/p>\n\n\n\n<p style=\"font-size:15px\"><strong><em>GENESIS 2.0<\/em><\/strong>&nbsp;(Genesis 2.0), Christian Frei, Maxim Arbugaev, doc. Su\u00ed\u00e7a, 2018, 118\u2019<\/p>\n\n\n\n<p style=\"font-size:15px\"><strong>&gt;&gt;<\/strong>&nbsp;<strong>HONORABLE MENSION<\/strong><\/p>\n\n\n\n<p style=\"font-size:15px\"><strong><em>O HER\u00d3I DAS OVELHAS<\/em><\/strong>&nbsp;(Sheep hero), Ton van Zantvoort, doc., Holanda, 2019,&nbsp; 81\u2019<\/p>\n\n\n\n<p style=\"font-size:15px\"><strong>&gt;&gt;<\/strong>&nbsp;<strong>HONORABLE MENSION<\/strong><\/p>\n\n\n\n<p style=\"font-size:15px\"><strong><em>SONHANDO UM LUGAR<\/em><\/strong>&nbsp;(So\u00f1ando un lugar), Alfonso Kint, doc., Espanha, 2018, 70\u2019&nbsp;&nbsp;&nbsp;&nbsp;&nbsp;&nbsp;&nbsp;&nbsp;&nbsp;&nbsp;&nbsp;&nbsp;&nbsp;&nbsp;&nbsp;&nbsp;&nbsp;&nbsp;<\/p>\n\n\n\n<div style=\"height:60px\" aria-hidden=\"true\" class=\"wp-block-spacer\"><\/div>\n\n\n\n<p style=\"font-size:18px\"><strong>INTERNATIONAL COMPETITION SHORT FILMS AND TELEVISION<\/strong><\/p>\n\n\n\n<p style=\"font-size:15px\"><strong>&gt;&gt; INTERNATIONAL SHORT-FILM PRIZE_Turistrela<\/strong><\/p>\n\n\n\n<p style=\"font-size:15px\"><strong><em>PACHA LAMA SOMOS N\u00d3S: A CERIM\u00d3NIA PARA A PACHAMAMA<\/em><\/strong>&nbsp;(Pacha, barro somos: la ceremonia para la Pachamama), Aldana Loiseau, anima\u00e7\u00e3o, Argentina, 2019, 5\u201920<\/p>\n\n\n\n<p style=\"font-size:15px\"><strong>&gt;&gt;<\/strong>&nbsp;<strong>TELEVISION AWARD<\/strong><\/p>\n\n\n\n<p style=\"font-size:15px\"><strong><em>O SENHOR KUBOTA<\/em><\/strong>&nbsp;(Monsieur Kubota), Anush Hamzehian and Vittorio Mortarotti, doc. Fran\u00e7a, 2018, 54\u2019<\/p>\n\n\n\n<div style=\"height:60px\" aria-hidden=\"true\" class=\"wp-block-spacer\"><\/div>\n\n\n\n<p style=\"font-size:18px\"><strong>LUSOPHONE COMPETITION<\/strong><\/p>\n\n\n\n<p style=\"font-size:15px\"><strong>&gt;&gt; CAMACHO COSTA AWARD | LUSOPHONY<\/strong><\/p>\n\n\n\n<p style=\"font-size:15px\"><strong><em>H\u00c1LITO AZUL&nbsp;<\/em><\/strong>(Blue Breath), Rodrigo Areias, doc., Portugal, Finl\u00e2ndia, Fran\u00e7a, 2018, 78\u2019<\/p>\n\n\n\n<p style=\"font-size:15px\"><strong>&gt;&gt;<\/strong>&nbsp;<strong>REGIONAL PANORAMA AWARD | LUSOPHONY _ Casa da Passarella<\/strong><\/p>\n\n\n\n<p style=\"font-size:15px\"><strong><em>PAGAR A PROMESSA<\/em><\/strong>&nbsp;(Paying of the Promise), Tiago Cerveira, doc., Portugal, 2018, 22\u2019<\/p>\n\n\n\n<div style=\"height:60px\" aria-hidden=\"true\" class=\"wp-block-spacer\"><\/div>\n\n\n\n<p style=\"font-size:18px\"><strong>&nbsp;EXTRA-REGULATION AWARDS<\/strong><\/p>\n\n\n\n<p style=\"font-size:15px\"><strong>&gt;&gt; WATER VALUE AWARD _ EPAL<\/strong><\/p>\n\n\n\n<p style=\"font-size:15px\"><strong><em>AQUAMETRAGEM<\/em><\/strong>&nbsp;(Aquastory), Marina Lobo, anima\u00e7\u00e3o, Portugal, 2018, 6\u201923\u2019\u2019<\/p>\n\n\n\n<p style=\"font-size:15px\"><strong>&gt;&gt;<\/strong>&nbsp;<strong>MARINE TRASH PRIZE _ APA<\/strong><\/p>\n\n\n\n<p style=\"font-size:15px\"><strong><em>TEMPO PROFUNDO<\/em><\/strong>&nbsp;(Deep Time), Kirsten e Joachim Jakobsen, doc., Noruega\/Portugal, 2018, 9\u201934\u2019\u2019<\/p>\n\n\n\n<div style=\"height:60px\" aria-hidden=\"true\" class=\"wp-block-spacer\"><\/div>\n\n\n\n<p style=\"font-size:18px\"><strong>&nbsp;YOUTH AWARD<\/strong><\/p>\n\n\n\n<p style=\"font-size:15px\"><strong>INTERNATIONAL FEATURE FILM<\/strong><\/p>\n\n\n\n<p style=\"font-size:15px\"><strong><em>EST\u00c1S A DORMIR IRM\u00c3O JAKOB?<\/em><\/strong>&nbsp;(Are you sleeping, brother Jakob?), Stefan Bohun, doc., \u00c1ustria, 2018, 80\u2019<\/p>\n\n\n\n<p style=\"font-size:15px\"><strong>INTERNATIONAL SHORT FILM<\/strong><\/p>\n\n\n\n<p style=\"font-size:15px\"><strong><em>7,83 HZ<\/em><\/strong>&nbsp;(7,83 Hz), Theo Putzu, fic\u00e7\u00e3o, It\u00e1lia, 2018, 4\u201910\u2019\u2019&nbsp;&nbsp;&nbsp;&nbsp;&nbsp;&nbsp;&nbsp;&nbsp;&nbsp;&nbsp;&nbsp;&nbsp;&nbsp;<\/p>\n\n\n\n<p style=\"font-size:15px\"><strong>DOCUMENTARIES AND TV REPORTS<\/strong><\/p>\n\n\n\n<p style=\"font-size:15px\"><strong><em>AL\u00c9M DO CLIMA<\/em><\/strong>&nbsp;(Beyond Climate), Ian Mauro, doctv, Canad\u00e1, 2018, 47\u2019<\/p>\n\n\n\n<p style=\"font-size:15px\"><strong>PORTUGUESE LANGUAGE FEATURE FILM<\/strong><\/p>\n\n\n\n<p style=\"font-size:15px\"><strong><em>AMAZ\u00d4NIA, O DESPERTAR DA FLORESTANIA<\/em><\/strong>&nbsp;(Amazon, the awakening of florestania), Christiane Torloni e Miguel Przewodowski, doc., Brasil, 2018, 111\u2019<\/p>\n\n\n\n<p style=\"font-size:15px\"><strong>REGIONAL PANORAMA<\/strong><\/p>\n\n\n\n<p style=\"font-size:15px\"><strong><em>WILDLINGS&nbsp;<\/em><\/strong>(Wildlings), Lynn Mylou, Tiago Cerveira e Rodrigo Oliveira, doc., Portugal, 2018, 21\u2019<\/p>","protected":false},"excerpt":{"rendered":"<p>PALMAR\u00c9S 25\u00aa EDI\u00c7\u00c3O CINEECO 2019 Seia, 19 de outubro de 2019 COMPETI\u00c7\u00c3O INTERNACIONAL LONGAS-METRAGENS &gt;&gt; GRANDE PR\u00c9MIO AMBIENTE CINEECO INJUSTI\u00c7A&nbsp;&nbsp;(Grit), Cynthia Wade &amp; Sasha Friedlander, doc., EUA\/Ind\u00f3nia\/Dinamarca, 2018, 80\u2019 &gt;&gt;&nbsp; PR\u00c9MIO ANTROPOLOGIA AMBIENTAL _ Liberty Seguros&nbsp; REACTOR PERDIDO&nbsp;(Lost Reactor), Alexandra Westmeier, doc. Alemanha, 2018, 76\u2019 &gt;&gt; PR\u00c9MIO EDUCA\u00c7\u00c3O AMBIENTAL _ Associa\u00e7\u00e3o Mares Navegados GENESIS 2.0&nbsp;(Genesis [&hellip;]<\/p>","protected":false},"author":1,"featured_media":0,"parent":0,"menu_order":0,"comment_status":"closed","ping_status":"closed","template":"","meta":{"ocean_post_layout":"right-sidebar","ocean_both_sidebars_style":"","ocean_both_sidebars_content_width":0,"ocean_both_sidebars_sidebars_width":0,"ocean_sidebar":"","ocean_second_sidebar":"","ocean_disable_margins":"on","ocean_add_body_class":"","ocean_shortcode_before_top_bar":"","ocean_shortcode_after_top_bar":"","ocean_shortcode_before_header":"","ocean_shortcode_after_header":"","ocean_has_shortcode":"","ocean_shortcode_after_title":"","ocean_shortcode_before_footer_widgets":"","ocean_shortcode_after_footer_widgets":"","ocean_shortcode_before_footer_bottom":"","ocean_shortcode_after_footer_bottom":"","ocean_display_top_bar":"off","ocean_display_header":"on","ocean_header_style":"","ocean_center_header_left_menu":"","ocean_custom_header_template":"","ocean_custom_logo":0,"ocean_custom_retina_logo":0,"ocean_custom_logo_max_width":0,"ocean_custom_logo_tablet_max_width":0,"ocean_custom_logo_mobile_max_width":0,"ocean_custom_logo_max_height":0,"ocean_custom_logo_tablet_max_height":0,"ocean_custom_logo_mobile_max_height":0,"ocean_header_custom_menu":"6","ocean_menu_typo_font_family":"","ocean_menu_typo_font_subset":"","ocean_menu_typo_font_size":0,"ocean_menu_typo_font_size_tablet":0,"ocean_menu_typo_font_size_mobile":0,"ocean_menu_typo_font_size_unit":"px","ocean_menu_typo_font_weight":"","ocean_menu_typo_font_weight_tablet":"","ocean_menu_typo_font_weight_mobile":"","ocean_menu_typo_transform":"","ocean_menu_typo_transform_tablet":"","ocean_menu_typo_transform_mobile":"","ocean_menu_typo_line_height":0,"ocean_menu_typo_line_height_tablet":0,"ocean_menu_typo_line_height_mobile":0,"ocean_menu_typo_line_height_unit":"","ocean_menu_typo_spacing":0,"ocean_menu_typo_spacing_tablet":0,"ocean_menu_typo_spacing_mobile":0,"ocean_menu_typo_spacing_unit":"","ocean_menu_link_color":"","ocean_menu_link_color_hover":"","ocean_menu_link_color_active":"","ocean_menu_link_background":"","ocean_menu_link_hover_background":"","ocean_menu_link_active_background":"","ocean_menu_social_links_bg":"","ocean_menu_social_hover_links_bg":"","ocean_menu_social_links_color":"","ocean_menu_social_hover_links_color":"","ocean_disable_title":"on","ocean_disable_heading":"default","ocean_post_title":"","ocean_post_subheading":"","ocean_post_title_style":"","ocean_post_title_background_color":"","ocean_post_title_background":0,"ocean_post_title_bg_image_position":"","ocean_post_title_bg_image_attachment":"","ocean_post_title_bg_image_repeat":"","ocean_post_title_bg_image_size":"","ocean_post_title_height":0,"ocean_post_title_bg_overlay":0.5,"ocean_post_title_bg_overlay_color":"","ocean_disable_breadcrumbs":"default","ocean_breadcrumbs_color":"","ocean_breadcrumbs_separator_color":"","ocean_breadcrumbs_links_color":"","ocean_breadcrumbs_links_hover_color":"","ocean_display_footer_widgets":"default","ocean_display_footer_bottom":"default","ocean_custom_footer_template":"","footnotes":""},"class_list":["post-3562","page","type-page","status-publish","hentry","entry"],"_links":{"self":[{"href":"https:\/\/arquivo.cineeco.pt\/en\/wp-json\/wp\/v2\/pages\/3562","targetHints":{"allow":["GET"]}}],"collection":[{"href":"https:\/\/arquivo.cineeco.pt\/en\/wp-json\/wp\/v2\/pages"}],"about":[{"href":"https:\/\/arquivo.cineeco.pt\/en\/wp-json\/wp\/v2\/types\/page"}],"author":[{"embeddable":true,"href":"https:\/\/arquivo.cineeco.pt\/en\/wp-json\/wp\/v2\/users\/1"}],"replies":[{"embeddable":true,"href":"https:\/\/arquivo.cineeco.pt\/en\/wp-json\/wp\/v2\/comments?post=3562"}],"version-history":[{"count":15,"href":"https:\/\/arquivo.cineeco.pt\/en\/wp-json\/wp\/v2\/pages\/3562\/revisions"}],"predecessor-version":[{"id":3579,"href":"https:\/\/arquivo.cineeco.pt\/en\/wp-json\/wp\/v2\/pages\/3562\/revisions\/3579"}],"wp:attachment":[{"href":"https:\/\/arquivo.cineeco.pt\/en\/wp-json\/wp\/v2\/media?parent=3562"}],"curies":[{"name":"wp","href":"https:\/\/api.w.org\/{rel}","templated":true}]}}