{"id":4242,"date":"2024-05-17T15:22:19","date_gmt":"2024-05-17T15:22:19","guid":{"rendered":"https:\/\/arquivo.cineeco.pt\/?page_id=4242"},"modified":"2024-05-17T15:30:01","modified_gmt":"2024-05-17T15:30:01","slug":"2018-sessoes","status":"publish","type":"page","link":"https:\/\/arquivo.cineeco.pt\/en\/2018-sessoes\/","title":{"rendered":"2018-sessoes"},"content":{"rendered":"<div style=\"height:35px\" aria-hidden=\"true\" class=\"wp-block-spacer\"><\/div>\n\n\n\n<p><a name=\"top\"><\/a><\/p>\n\n\n\n<div class=\"wp-block-buttons has-custom-font-size is-horizontal is-content-justification-center is-layout-flex wp-container-core-buttons-is-layout-a85bcc9b wp-block-buttons-is-layout-flex\" style=\"font-size:10px\">\n<div class=\"wp-block-button has-custom-font-size is-style-outline is-style-outline--1\" style=\"font-size:11px\"><a class=\"wp-block-button__link has-text-align-center wp-element-button\" href=\"https:\/\/arquivo.cineeco.pt\/en\/2018-selecao-oficial\/#top\" style=\"border-radius:10px\">OFFICIAL SELECTION<\/a><\/div>\n\n\n\n<div class=\"wp-block-button has-custom-font-size is-style-fill\" style=\"font-size:11px\"><a class=\"wp-block-button__link has-text-align-center wp-element-button\" href=\"https:\/\/arquivo.cineeco.pt\/en\/2018-sessoes\/#top\" style=\"border-radius:10px\">SPECIAL SESSIONS<\/a><\/div>\n\n\n\n<div class=\"wp-block-button has-custom-font-size is-style-outline is-style-outline--2\" style=\"font-size:11px\"><a class=\"wp-block-button__link has-text-align-center wp-element-button\" href=\"https:\/\/arquivo.cineeco.pt\/en\/2018-atividades\/#top\" style=\"border-radius:10px\">PARALLEL ACTIVITIES<\/a><\/div>\n\n\n\n<div class=\"wp-block-button has-custom-font-size is-style-outline is-style-outline--3\" style=\"font-size:11px\"><a class=\"wp-block-button__link has-text-align-center wp-element-button\" href=\"https:\/\/www.cineeco.pt\/2018\/outros\/CINEECO18_WEB_PROGRAMACAO-GRELHA_ADPTADO.pdf\" style=\"border-radius:10px\">PROGRAM<\/a><\/div>\n\n\n\n<div class=\"wp-block-button has-custom-font-size is-style-outline is-style-outline--4\" style=\"font-size:11px\"><a class=\"wp-block-button__link has-text-align-center wp-element-button\" href=\"https:\/\/arquivo.cineeco.pt\/en\/2018-juri\/#top\" style=\"border-radius:10px\">JURY<\/a><\/div>\n\n\n\n<div class=\"wp-block-button has-custom-font-size is-style-outline is-style-outline--5\" style=\"font-size:11px\"><a class=\"wp-block-button__link has-text-align-center wp-element-button\" href=\"https:\/\/arquivo.cineeco.pt\/en\/2018-galeria\/#top\" style=\"border-radius:10px\">GALLERY<\/a><\/div>\n\n\n\n<div class=\"wp-block-button has-custom-font-size is-style-outline is-style-outline--6\" style=\"font-size:11px\"><a class=\"wp-block-button__link has-text-align-center wp-element-button\" href=\"https:\/\/www.cineeco.pt\/2018\/outros\/CINEECO2018_CATALOGO_WEB.pdf\" style=\"border-radius:10px\">CATALOGUE<\/a><\/div>\n<\/div>\n\n\n\n<div style=\"height:35px\" aria-hidden=\"true\" class=\"wp-block-spacer\"><\/div>\n\n\n\n<h2 class=\"wp-block-heading has-text-color has-link-color wp-elements-ecfc36cd5bf52ced8ba7cad476dd15a0\" style=\"color:#ab9431\">SPECIAL SESSIONS 2018<\/h2>\n\n\n\n<div style=\"height:30px\" aria-hidden=\"true\" class=\"wp-block-spacer\"><\/div>\n\n\n\n<p style=\"font-size:16px\"><strong>OPENING SPECIAL SESSION<\/strong><\/p>\n\n\n\n<div class=\"wp-block-media-text is-stacked-on-mobile\" style=\"grid-template-columns:82% auto\"><figure class=\"wp-block-media-text__media\"><img decoding=\"async\" src=\"http:\/\/www.cineeco.pt\/2018\/imagens\/sessoes-especiais\/mentiras-verdes.jpg\" alt=\"\"\/><\/figure><div class=\"wp-block-media-text__content\">\n<p><\/p>\n<\/div><\/div>\n\n\n\n<p><em><strong>Mentira verde (The Green Lie)<\/strong><\/em>, Werner Boote, doc., Austria,2018, 93\u2019<br><strong>Exhibition: 13\/10 \u00e0s 9:30pm_Cineteatro<\/strong><\/p>\n\n\n\n<p>Everything echo? In his new documentary, director Werner Boote sheds light on alleged truths and lies of major corporations and shows that justice does not have to mean fair, and sustainable does not mean enduring.<\/p>\n\n\n\n<div style=\"height:60px\" aria-hidden=\"true\" class=\"wp-block-spacer\"><\/div>\n\n\n\n<p style=\"font-size:16px\"><strong>CHILDREN`S PANORAMA<\/strong><\/p>\n\n\n\n<div class=\"wp-block-media-text is-stacked-on-mobile\" style=\"grid-template-columns:82% auto\"><figure class=\"wp-block-media-text__media\"><img decoding=\"async\" src=\"http:\/\/www.cineeco.pt\/2018\/imagens\/sessoes-especiais\/deep.png\" alt=\"\"\/><\/figure><div class=\"wp-block-media-text__content\">\n<p><\/p>\n<\/div><\/div>\n\n\n\n<p><em><strong>Deep: Aventura no fundo do mar (Deep)<\/strong><\/em>, Julio Soto Gurpide, animation, USA\/ Spain\/ Switzerland\/ GB\/ China\/ BEL, 2017, 92\u2032<br><strong>Exhibition: 14\/10 \u00e0s 11am_Cineteatro<\/strong><\/p>\n\n\n\n<p>The year is 2100. After the human population has abandoned the Earth due to a series of climatic changes that have made the planet uninhabitable, a group of marine animals leads a quiet life in the deepest areas of the seas. Among them are Deep, a young octopus; Evo, an awkward monkfish; and Alice, a female shrimp always with something to say. When the three little ones decide to break the rules of adults and peer into the world beyond the boundaries of what they have always known, they find themselves in such great trouble that they will test not only their courage but also the friendship that unites them.<\/p>\n\n\n\n<div style=\"height:50px\" aria-hidden=\"true\" class=\"wp-block-spacer\"><\/div>\n\n\n\n<div class=\"wp-block-media-text is-stacked-on-mobile\" style=\"grid-template-columns:82% auto\"><figure class=\"wp-block-media-text__media\"><img decoding=\"async\" src=\"http:\/\/www.cineeco.pt\/2018\/imagens\/sessoes-especiais\/incredibles2.png\" alt=\"\"\/><\/figure><div class=\"wp-block-media-text__content\">\n<p><\/p>\n<\/div><\/div>\n\n\n\n<p><em><strong>The incredibles 2: Os Super Her\u00f3is (Incredibles 2)<\/strong><\/em>, Brad Bird, animation, Adventure, USA, 2018, 118\u2032<br><strong>Exhibition: dia 20\/10 \u00e0s 11am_Cineteatro<\/strong><\/p>\n\n\n\n<p>Fourteen years after the first adventure, we witnessed the return of the Parr family. In the sequel to \"The Incredibles\", it is the mother, Helen, also known as the Elasticgirl, who takes the lead, while the father stays at home. After they failed to account for the assault on the Metroville Bank in the previous film, the police decided to close the superhero relocation program. They are forced to live permanently in a secret identity and, in the case of the Parr family, they will have to move to a motel. Then, one day, the director of a telecommunications company decides to summon superheroes for publicity, to restore credibility among the population. Meanwhile, Elasticgirl is called for a mission against a new villain who invades screens to control viewers. When she finally manages to defeat him, she realizes that there is someone behind him who wants to make superhero status illegal. Fortunately, she has the help of Mr. Incredible to fight the villains and dismantle this conspiracy. And by their side will be their children - Violet, Dash and Jack-Jack, who now discovers that he has superpowers - as well as his friend, Frozone.<\/p>\n\n\n\n<div style=\"height:60px\" aria-hidden=\"true\" class=\"wp-block-spacer\"><\/div>\n\n\n\n<p style=\"font-size:16px\"><strong>PRE LAUNCH WARM UP<\/strong><\/p>\n\n\n\n<div class=\"wp-block-media-text is-stacked-on-mobile\" style=\"grid-template-columns:82% auto\"><figure class=\"wp-block-media-text__media\"><img decoding=\"async\" src=\"http:\/\/www.cineeco.pt\/2018\/imagens\/sessoes-especiais\/vivendo-num-futuro-passado.jpg\" alt=\"\"\/><\/figure><div class=\"wp-block-media-text__content\">\n<p><\/p>\n<\/div><\/div>\n\n\n\n<p><em><strong>Vivendo num futuro passado (Living in the Future&#8217;s Past)<\/strong><\/em>, Susan Kucera, doc, USA, 2017, 85\u201911\u2019\u2019<br><strong>22\/9 \u00e0s 9:30pm_Cineteatro<\/strong><\/p>\n\n\n\n<p>Academy Award Winner, Jeff Bridges presents this beautifully photographed documentary with an original thinking about who we are and the environmental challenges we face. Bridges, alongside prominent scientists and authors, weaves evolution, emergence, entropy, dark ecology, and what some are calling the end of nature, into a story that helps us understand our place among the animal species that exist on Earth.<\/p>\n\n\n\n<div style=\"height:60px\" aria-hidden=\"true\" class=\"wp-block-spacer\"><\/div>","protected":false},"excerpt":{"rendered":"<p>SESS\u00d5ES ESPECIAIS 2018 SESS\u00c3O ESPECIAL ABERTURA Mentira verde (The Green Lie), Werner Boote, doc., \u00c1ustria,2018, 93\u2019Exibi\u00e7\u00e3o: 13\/10 \u00e0s 21h30_Cineteatro Tudo eco? No seu novo document\u00e1rio, o diretor Werner Boote ajuda a explicar alegadas verdades e mentiras das principais corpora\u00e7\u00f5es e mostra que a justi\u00e7a n\u00e3o tem que significar justo, e sustent\u00e1vel n\u00e3o significa duradouro. PANORAMA [&hellip;]<\/p>","protected":false},"author":1,"featured_media":0,"parent":0,"menu_order":0,"comment_status":"closed","ping_status":"closed","template":"","meta":{"ocean_post_layout":"right-sidebar","ocean_both_sidebars_style":"","ocean_both_sidebars_content_width":0,"ocean_both_sidebars_sidebars_width":0,"ocean_sidebar":"","ocean_second_sidebar":"","ocean_disable_margins":"on","ocean_add_body_class":"","ocean_shortcode_before_top_bar":"","ocean_shortcode_after_top_bar":"","ocean_shortcode_before_header":"","ocean_shortcode_after_header":"","ocean_has_shortcode":"","ocean_shortcode_after_title":"","ocean_shortcode_before_footer_widgets":"","ocean_shortcode_after_footer_widgets":"","ocean_shortcode_before_footer_bottom":"","ocean_shortcode_after_footer_bottom":"","ocean_display_top_bar":"off","ocean_display_header":"on","ocean_header_style":"","ocean_center_header_left_menu":"","ocean_custom_header_template":"","ocean_custom_logo":0,"ocean_custom_retina_logo":0,"ocean_custom_logo_max_width":0,"ocean_custom_logo_tablet_max_width":0,"ocean_custom_logo_mobile_max_width":0,"ocean_custom_logo_max_height":0,"ocean_custom_logo_tablet_max_height":0,"ocean_custom_logo_mobile_max_height":0,"ocean_header_custom_menu":"6","ocean_menu_typo_font_family":"","ocean_menu_typo_font_subset":"","ocean_menu_typo_font_size":0,"ocean_menu_typo_font_size_tablet":0,"ocean_menu_typo_font_size_mobile":0,"ocean_menu_typo_font_size_unit":"px","ocean_menu_typo_font_weight":"","ocean_menu_typo_font_weight_tablet":"","ocean_menu_typo_font_weight_mobile":"","ocean_menu_typo_transform":"","ocean_menu_typo_transform_tablet":"","ocean_menu_typo_transform_mobile":"","ocean_menu_typo_line_height":0,"ocean_menu_typo_line_height_tablet":0,"ocean_menu_typo_line_height_mobile":0,"ocean_menu_typo_line_height_unit":"","ocean_menu_typo_spacing":0,"ocean_menu_typo_spacing_tablet":0,"ocean_menu_typo_spacing_mobile":0,"ocean_menu_typo_spacing_unit":"","ocean_menu_link_color":"","ocean_menu_link_color_hover":"","ocean_menu_link_color_active":"","ocean_menu_link_background":"","ocean_menu_link_hover_background":"","ocean_menu_link_active_background":"","ocean_menu_social_links_bg":"","ocean_menu_social_hover_links_bg":"","ocean_menu_social_links_color":"","ocean_menu_social_hover_links_color":"","ocean_disable_title":"on","ocean_disable_heading":"default","ocean_post_title":"","ocean_post_subheading":"","ocean_post_title_style":"","ocean_post_title_background_color":"","ocean_post_title_background":0,"ocean_post_title_bg_image_position":"","ocean_post_title_bg_image_attachment":"","ocean_post_title_bg_image_repeat":"","ocean_post_title_bg_image_size":"","ocean_post_title_height":0,"ocean_post_title_bg_overlay":0.5,"ocean_post_title_bg_overlay_color":"","ocean_disable_breadcrumbs":"default","ocean_breadcrumbs_color":"","ocean_breadcrumbs_separator_color":"","ocean_breadcrumbs_links_color":"","ocean_breadcrumbs_links_hover_color":"","ocean_display_footer_widgets":"default","ocean_display_footer_bottom":"default","ocean_custom_footer_template":"","footnotes":""},"class_list":["post-4242","page","type-page","status-publish","hentry","entry"],"_links":{"self":[{"href":"https:\/\/arquivo.cineeco.pt\/en\/wp-json\/wp\/v2\/pages\/4242","targetHints":{"allow":["GET"]}}],"collection":[{"href":"https:\/\/arquivo.cineeco.pt\/en\/wp-json\/wp\/v2\/pages"}],"about":[{"href":"https:\/\/arquivo.cineeco.pt\/en\/wp-json\/wp\/v2\/types\/page"}],"author":[{"embeddable":true,"href":"https:\/\/arquivo.cineeco.pt\/en\/wp-json\/wp\/v2\/users\/1"}],"replies":[{"embeddable":true,"href":"https:\/\/arquivo.cineeco.pt\/en\/wp-json\/wp\/v2\/comments?post=4242"}],"version-history":[{"count":7,"href":"https:\/\/arquivo.cineeco.pt\/en\/wp-json\/wp\/v2\/pages\/4242\/revisions"}],"predecessor-version":[{"id":4251,"href":"https:\/\/arquivo.cineeco.pt\/en\/wp-json\/wp\/v2\/pages\/4242\/revisions\/4251"}],"wp:attachment":[{"href":"https:\/\/arquivo.cineeco.pt\/en\/wp-json\/wp\/v2\/media?parent=4242"}],"curies":[{"name":"wp","href":"https:\/\/api.w.org\/{rel}","templated":true}]}}