{"id":4252,"date":"2024-05-17T15:37:42","date_gmt":"2024-05-17T15:37:42","guid":{"rendered":"https:\/\/arquivo.cineeco.pt\/?page_id=4252"},"modified":"2024-05-17T15:49:22","modified_gmt":"2024-05-17T15:49:22","slug":"2018-atividades","status":"publish","type":"page","link":"https:\/\/arquivo.cineeco.pt\/en\/2018-atividades\/","title":{"rendered":"2018-atividades"},"content":{"rendered":"<div style=\"height:35px\" aria-hidden=\"true\" class=\"wp-block-spacer\"><\/div>\n\n\n\n<p><a name=\"top\"><\/a><\/p>\n\n\n\n<div class=\"wp-block-buttons has-custom-font-size is-horizontal is-content-justification-center is-layout-flex wp-container-core-buttons-is-layout-a85bcc9b wp-block-buttons-is-layout-flex\" style=\"font-size:10px\">\n<div class=\"wp-block-button has-custom-font-size is-style-outline is-style-outline--1\" style=\"font-size:11px\"><a class=\"wp-block-button__link has-text-align-center wp-element-button\" href=\"https:\/\/arquivo.cineeco.pt\/en\/2018-selecao-oficial\/#top\" style=\"border-radius:10px\">OFFICIAL SELECTION<\/a><\/div>\n\n\n\n<div class=\"wp-block-button has-custom-font-size is-style-outline is-style-outline--2\" style=\"font-size:11px\"><a class=\"wp-block-button__link has-text-align-center wp-element-button\" href=\"https:\/\/arquivo.cineeco.pt\/en\/2018-sessoes\/#top\" style=\"border-radius:10px\">SPECIAL SESSIONS<\/a><\/div>\n\n\n\n<div class=\"wp-block-button has-custom-font-size is-style-fill\" style=\"font-size:11px\"><a class=\"wp-block-button__link has-text-align-center wp-element-button\" href=\"https:\/\/arquivo.cineeco.pt\/en\/2018-atividades\/#top\" style=\"border-radius:10px\">PARALLEL ACTIVITIES<\/a><\/div>\n\n\n\n<div class=\"wp-block-button has-custom-font-size is-style-outline is-style-outline--3\" style=\"font-size:11px\"><a class=\"wp-block-button__link has-text-align-center wp-element-button\" href=\"https:\/\/www.cineeco.pt\/2018\/outros\/CINEECO18_WEB_PROGRAMACAO-GRELHA_ADPTADO.pdf\" style=\"border-radius:10px\">PROGRAM<\/a><\/div>\n\n\n\n<div class=\"wp-block-button has-custom-font-size is-style-outline is-style-outline--4\" style=\"font-size:11px\"><a class=\"wp-block-button__link has-text-align-center wp-element-button\" href=\"https:\/\/arquivo.cineeco.pt\/en\/2018-juri\/#top\" style=\"border-radius:10px\">JURY<\/a><\/div>\n\n\n\n<div class=\"wp-block-button has-custom-font-size is-style-outline is-style-outline--5\" style=\"font-size:11px\"><a class=\"wp-block-button__link has-text-align-center wp-element-button\" href=\"https:\/\/arquivo.cineeco.pt\/en\/2018-galeria\/#top\" style=\"border-radius:10px\">GALLERY<\/a><\/div>\n\n\n\n<div class=\"wp-block-button has-custom-font-size is-style-outline is-style-outline--6\" style=\"font-size:11px\"><a class=\"wp-block-button__link has-text-align-center wp-element-button\" href=\"https:\/\/www.cineeco.pt\/2018\/outros\/CINEECO2018_CATALOGO_WEB.pdf\" style=\"border-radius:10px\">CATALOGUE<\/a><\/div>\n<\/div>\n\n\n\n<div style=\"height:35px\" aria-hidden=\"true\" class=\"wp-block-spacer\"><\/div>\n\n\n\n<h2 class=\"wp-block-heading has-text-color has-link-color wp-elements-3969f6198dce34b8ce17f67ba34e38e9\" style=\"color:#ab9431\">PARALLEL ACTIVITIES 2018<\/h2>\n\n\n\n<div style=\"height:30px\" aria-hidden=\"true\" class=\"wp-block-spacer\"><\/div>\n\n\n<style>#sp-ea-4258 .spcollapsing { height: 0; overflow: hidden; transition-property: height;transition-duration: 300ms;}#sp-ea-4258.sp-easy-accordion>.sp-ea-single {margin-bottom: 10px; border: 1px solid #e2e2e2; }#sp-ea-4258.sp-easy-accordion>.sp-ea-single>.ea-header a {color: #444;}#sp-ea-4258.sp-easy-accordion>.sp-ea-single>.sp-collapse>.ea-body {background: #fff; color: #444;}#sp-ea-4258.sp-easy-accordion>.sp-ea-single {background: #f2f2f2;}#sp-ea-4258.sp-easy-accordion>.sp-ea-single>.ea-header a .ea-expand-icon { float: left; color: #444;font-size: 16px;}<\/style><div id=\"sp_easy_accordion-1708093300\">\n<div id=\"sp-ea-4258\" class=\"sp-ea-one sp-easy-accordion\" data-ex-icon=\"minus\" data-col-icon=\"plus\" data-ea-active=\"ea-click\" data-ea-mode=\"vertical\" data-preloader=\"\" data-scroll-active-item=\"1\" data-offset-to-scroll=\"0\">\n\t<!-- Start accordion card div. -->\n\t<div class=\"ea-card  sp-ea-single\">\n\t\t<!-- Start accordion header. -->\n\t\t<h3 class=\"ea-header\">\n\t\t\t<!-- Add anchor tag for header. -->\n\t\t\t<a class=\"collapsed\" id=\"ea-header-42580\" data-sptoggle=\"spcollapse\" data-sptarget=\"#collapse42580\" aria-controls=\"collapse42580\" href=\"#\"  aria-expanded=\"false\" tabindex=\"0\">\n\t\t\t<i class=\"ea-expand-icon ea-icon-expand-plus\"><\/i> | CINEECO TALKS |\t\t\t<\/a> <!-- Close anchor tag for header. -->\n\t\t<\/h3>\t<!-- Close header tag. -->\n\t\t<!-- Start collapsible content div. -->\n\t\t<div class=\"sp-collapse spcollapse spcollapse\" id=\"collapse42580\" data-parent=\"#sp-ea-4258\" role=\"region\" aria-labelledby=\"ea-header-42580\">  <!-- Content div. -->\n\t\t\t<div class=\"ea-body\">\n\t\t\t<p><strong>Short conversations<\/strong>\u00a0with guests about Cinema and Environment<br \/>\n_October 15_ Internet Room in House of Culture Seia<\/p>\n<p>&nbsp;<\/p>\n<p><strong>Conversation with Fernanda Botelho<\/strong>\u00a0- Travel of plants and their traditional uses in Portugal and in the various countries of lusophony.<br \/>\n_October 16_ Internet Room in House of Culture Seia<\/p>\n<p class=\"rtejustify\">Presentation of the 2019 Agenda for tropical plants by Fernanda Botelho, which this year constituted a wonderful and stunning journey of plants and their traditional uses in Portugal and in the various Lusophone countries. 2019 is the International Year of Indigenous Languages and this is the bet on raising the veil of tropical medicinal plants. The author wanted to build bridges between the uses of various plants and fruits in the different countries of Lusophone, to reveal, for example, secrets of the \u201csaf\u00fa\u201d in S\u00e3o Tom\u00e9 and Pr\u00edncipe, \u201carauc\u00e1ria\u201d and \u201caipim\u201d in Brazil. Unite scientific knowledge and traditional uses.<\/p>\n\t\t\t<\/div> <!-- Close content div. -->\n\t\t<\/div> <!-- Close collapse div. -->\n\t<\/div> <!-- Close card div. -->\n\t\t<!-- Start accordion card div. -->\n\t<div class=\"ea-card  sp-ea-single\">\n\t\t<!-- Start accordion header. -->\n\t\t<h3 class=\"ea-header\">\n\t\t\t<!-- Add anchor tag for header. -->\n\t\t\t<a class=\"collapsed\" id=\"ea-header-42581\" data-sptoggle=\"spcollapse\" data-sptarget=\"#collapse42581\" aria-controls=\"collapse42581\" href=\"#\"  aria-expanded=\"false\" tabindex=\"0\">\n\t\t\t<i class=\"ea-expand-icon ea-icon-expand-plus\"><\/i> | CONCERT |\t\t\t<\/a> <!-- Close anchor tag for header. -->\n\t\t<\/h3>\t<!-- Close header tag. -->\n\t\t<!-- Start collapsible content div. -->\n\t\t<div class=\"sp-collapse spcollapse spcollapse\" id=\"collapse42581\" data-parent=\"#sp-ea-4258\" role=\"region\" aria-labelledby=\"ea-header-42581\">  <!-- Content div. -->\n\t\t\t<div class=\"ea-body\">\n\t\t\t<p><img decoding=\"async\" src=\"http:\/\/www.cineeco.pt\/2018\/imagens\/atividades-paralelas\/olhos-vendados.png\" \/><\/p>\n<p><strong>Concert for blindfolded eyes. Other sounds, Other landscapes<\/strong>, with Lu\u00eds Antero.<br \/>\nOctober 17 _ 4hp.m. _ Auditorium of the House of Culture<\/p>\n<p>&nbsp;<\/p>\n<p class=\"rtejustify\">What is the importance of sound in our day-to-day life? Does it remain, as advocated by Murray Schafer in the 1970s of the last century, the most neglected element of our landscape? Is not the sound also characterizing the identity of our villages, towns and cities? What, for example, the sound produced by ants in contact with a microphone? And the deer in their seasonal roar? And the mills and water wheels, mixed with the life stories of shepherds and farmers with weather-beaten hands?<br \/>\nIt is in an attempt to answer these questions that the concept Concert for Blindfolds, starting from the premise that we often stop to see, but rarely do it to listen!<br \/>\nThe public is invited to blindfold the eyes, allowing other senses to awaken ...<\/p>\n<p>&nbsp;<\/p>\n<p>Luis Antero is sonic landscape artist. Since 2008, it has developed a work to collect and document the acoustic heritage of various areas of the national territory, based on sound recordings of the field and that can be tracked through the sites.<br \/>\nwww.luisantero.yolasite.com and www.luisantero.bandcamp.com<\/p>\n\t\t\t<\/div> <!-- Close content div. -->\n\t\t<\/div> <!-- Close collapse div. -->\n\t<\/div> <!-- Close card div. -->\n\t\t<!-- Start accordion card div. -->\n\t<div class=\"ea-card  sp-ea-single\">\n\t\t<!-- Start accordion header. -->\n\t\t<h3 class=\"ea-header\">\n\t\t\t<!-- Add anchor tag for header. -->\n\t\t\t<a class=\"collapsed\" id=\"ea-header-42582\" data-sptoggle=\"spcollapse\" data-sptarget=\"#collapse42582\" aria-controls=\"collapse42582\" href=\"#\"  aria-expanded=\"false\" tabindex=\"0\">\n\t\t\t<i class=\"ea-expand-icon ea-icon-expand-plus\"><\/i> | WORKSHOPS |\t\t\t<\/a> <!-- Close anchor tag for header. -->\n\t\t<\/h3>\t<!-- Close header tag. -->\n\t\t<!-- Start collapsible content div. -->\n\t\t<div class=\"sp-collapse spcollapse spcollapse\" id=\"collapse42582\" data-parent=\"#sp-ea-4258\" role=\"region\" aria-labelledby=\"ea-header-42582\">  <!-- Content div. -->\n\t\t\t<div class=\"ea-body\">\n\t\t\t<p><strong>Workshop on \u201cEnvironmental Cinema for students\u201d\u00a0<\/strong>with Suzana Amado (Filmambiente, Rio de Janeiro) and other guests<\/p>\n<p class=\"rtejustify\">Following actions organized in previous years, CineEco goes to schools to sensitize students and teachers about the importance of cinema as a fundamental tool in promoting environmental values. Guided by Suzana Amado, Director of the Festival Filmambiente, Rio de Janeiro, Brazil, the workshop also counts on the participation of other guests of this 24th edition of Seia Festival. This initiative will result in articulation with Seia's secondary schools.<\/p>\n<p class=\"rtejustify\">\n<p>&nbsp;<\/p>\n<p class=\"rtejustify\"><strong>Workshop: \u201cBuilding digital learning environments with cinema\u201d, for Teachers<\/strong>\u00a0, with Ant\u00f3nio Moreira e Sara Trindade, from Universidade Aberta.<\/p>\n<p class=\"rtejustify\">Resulting from the partnership between CineEco and the Open University, this action is aimed at pre-school education teachers, 1st, 2nd and 3rd Cycles of Basic and Secondary Education. The aim is to raise awareness of the communicative potential of cinema in the classroom; To promote the use of cinema in the pedagogical process; Know and analyze opensource software for the use of cinema in the classroom; In this way it is intended that at the end of the action the trainees: Adopt innovative pedagogical practices resorting to the cinema and use effectively strategies and tools of cinema exploration in the classroom.<br \/>\n<strong>Participation upon registration.<\/strong><\/p>\n\t\t\t<\/div> <!-- Close content div. -->\n\t\t<\/div> <!-- Close collapse div. -->\n\t<\/div> <!-- Close card div. -->\n\t\t<!-- Start accordion card div. -->\n\t<div class=\"ea-card  sp-ea-single\">\n\t\t<!-- Start accordion header. -->\n\t\t<h3 class=\"ea-header\">\n\t\t\t<!-- Add anchor tag for header. -->\n\t\t\t<a class=\"collapsed\" id=\"ea-header-42583\" data-sptoggle=\"spcollapse\" data-sptarget=\"#collapse42583\" aria-controls=\"collapse42583\" href=\"#\"  aria-expanded=\"false\" tabindex=\"0\">\n\t\t\t<i class=\"ea-expand-icon ea-icon-expand-plus\"><\/i> | EXHIBITIONS |\t\t\t<\/a> <!-- Close anchor tag for header. -->\n\t\t<\/h3>\t<!-- Close header tag. -->\n\t\t<!-- Start collapsible content div. -->\n\t\t<div class=\"sp-collapse spcollapse spcollapse\" id=\"collapse42583\" data-parent=\"#sp-ea-4258\" role=\"region\" aria-labelledby=\"ea-header-42583\">  <!-- Content div. -->\n\t\t\t<div class=\"ea-body\">\n\t\t\t<p><img decoding=\"async\" src=\"http:\/\/www.cineeco.pt\/2018\/imagens\/atividades-paralelas\/ambiente-cise.png\" \/><\/p>\n<p><strong>Retrospective exhibition of CISE Environment Photography Competitions<\/strong><br \/>\n_ Galleries of the House of Culture<\/p>\n<p class=\"rtejustify\">During the 24th edition of CineEco, a retrospective exhibition of the Environmental Photography contests organized by the Interpretation Center of the Serra da Estrela (CISE) over the last 15 years will be displayed at the Galleries of the House of Culture of Seia. It is a contest that has awarded the best works of amateur and professional photographers, for their quality, innovation and creativity, in the categories Landscape, Biodiversity and Mountain Villages. In the genesis of this contest has been the challenge of stimulating environmental values and promoting the photographic activity, through the creative potential of the participants, in what is the observation and protection of nature.<\/p>\n<p class=\"rtejustify\">\n<p>&nbsp;<\/p>\n<p>&nbsp;<\/p>\n<p><img decoding=\"async\" src=\"http:\/\/www.cineeco.pt\/2018\/imagens\/atividades-paralelas\/e-o-vento-ardeu.png\" \/><\/p>\n<p><strong>Exhibition of painting and drawing \u201cAnd the wind burned\u201d<\/strong>, by Patricia Matos<br \/>\n_ Foyer Auditorium of the House of Culture<\/p>\n<p class=\"rtejustify translation-block\">A cathartic and reflective memorial of the voracious and controversial fires of <strong>October 15th, 2017<\/strong>, lived by the artist.<br>\n<strong>Ten pieces<\/strong> mark a chronological circle, of death and rebirth: six <strong>drawings<\/strong> traced with coal that remained of destroyed trees; three oil <strong>paintings<\/strong>; an <strong>object <\/strong>with conceptual \/ symbolic load. The exhibition also includes an <strong>experimental piece of video<\/strong> dedicated to the same theme, artist and filmed at the places where the coal was collected. Ana Patr\u00edcia Coimbra de Matos (Tondela, 1985) is a plastic artist dedicated to painting and video art, awarded in the latter area. Licensed by the Faculty of Fine Arts of Unversidade do Porto (Painting Branch), she with an academic and professional <em>background<\/em> in Biomedical Engineering, which opted to discontinue in 2011 in favor of an integral bet in the plastic arts. Since 2016 she has been working independently for <em>full time<\/em>.<\/p>\n<p class=\"rtejustify\">\n<p>&nbsp;<\/p>\n<p>&nbsp;<\/p>\n<p><img decoding=\"async\" src=\"http:\/\/www.cineeco.pt\/2018\/imagens\/atividades-paralelas\/museu-etnografico.png\" \/><\/p>\n<p><strong>Exhibition Scarves and Shawls<\/strong><br \/>\nOctober 17 , 5hp.m. _ Ethnographic Museum of the Folk Ranch of Seia<\/p>\n<p class=\"rtejustify\">In the Ethnographic Museum of the Folkloric Ranch of Seia are present memories of the citizens of the Serra da Estrela community. Objects bearing a collective and ancestral memory that have been collected over time or donated by individuals, objects linked to agriculture and traditional crafts, exposed and explained in a simple and pedagogical way, framed in a journey that makes us travel in time and remember the past in a modern space.<br \/>\nThis space, which opened again to the public, currently has a Temporary Exhibition of Scarves and Shawls, which the guests of CineEco will have the opportunity to visit this day, following the invitation.<\/p>\n\t\t\t<\/div> <!-- Close content div. -->\n\t\t<\/div> <!-- Close collapse div. -->\n\t<\/div> <!-- Close card div. -->\n\t\t<!-- Start accordion card div. -->\n\t<div class=\"ea-card  sp-ea-single\">\n\t\t<!-- Start accordion header. -->\n\t\t<h3 class=\"ea-header\">\n\t\t\t<!-- Add anchor tag for header. -->\n\t\t\t<a class=\"collapsed\" id=\"ea-header-42584\" data-sptoggle=\"spcollapse\" data-sptarget=\"#collapse42584\" aria-controls=\"collapse42584\" href=\"#\"  aria-expanded=\"false\" tabindex=\"0\">\n\t\t\t<i class=\"ea-expand-icon ea-icon-expand-plus\"><\/i> | ARTISTIC RESIDENCE |\t\t\t<\/a> <!-- Close anchor tag for header. -->\n\t\t<\/h3>\t<!-- Close header tag. -->\n\t\t<!-- Start collapsible content div. -->\n\t\t<div class=\"sp-collapse spcollapse spcollapse\" id=\"collapse42584\" data-parent=\"#sp-ea-4258\" role=\"region\" aria-labelledby=\"ea-header-42584\">  <!-- Content div. -->\n\t\t\t<div class=\"ea-body\">\n\t\t\t<p><img decoding=\"async\" src=\"http:\/\/www.cineeco.pt\/2018\/imagens\/atividades-paralelas\/cimbse.png\" \/><\/p>\n<p><strong>Resid\u00eancia Art\u00edstica de Cinema e Audiovisual<\/strong><br \/>\nCasa da Cultura de Seia _ CineEco 2018<\/p>\n<p>&nbsp;<\/p>\n<p class=\"rtejustify\">Integrated in the program of the 24th edition of CineEco, organized by the Municipality of Seia, there will be an Artistic Residence of Cinema and Audiovisual, dynamized by the Association of Art and Image of Seia.<br \/>\nThis Residence will be held during the festival from October 13th to 20th at the Municipal House of Culture of Seia and is intended for a group of 30 young volunteers, composed of two young people from each of the municipalities belonging to the Inter-municipal Community of Beiras and Serra da Estrela.<br \/>\nParticipants will have the opportunity to contact closely with filmmakers from around the world, from the area of environmental cinema and with them to share knowledge, and experiences.<br \/>\nIn addition to this enriching experience provided to the participants, the Residence will contemplate the practice of an audiovisual language, also providing an initial context for those who wish to develop more in-depth knowledge about these themes.<br \/>\nThis is an organization of the Municipality of Seia, Inter-municipal Community of Beiras and Serra da Estrela and Association of Municipalities of Cova da Beira, integrated in the CineEco Festival of Seia.<\/p>\n\t\t\t<\/div> <!-- Close content div. -->\n\t\t<\/div> <!-- Close collapse div. -->\n\t<\/div> <!-- Close card div. -->\n\t\t<!-- Start accordion card div. -->\n\t<div class=\"ea-card  sp-ea-single\">\n\t\t<!-- Start accordion header. -->\n\t\t<h3 class=\"ea-header\">\n\t\t\t<!-- Add anchor tag for header. -->\n\t\t\t<a class=\"collapsed\" id=\"ea-header-42585\" data-sptoggle=\"spcollapse\" data-sptarget=\"#collapse42585\" aria-controls=\"collapse42585\" href=\"#\"  aria-expanded=\"false\" tabindex=\"0\">\n\t\t\t<i class=\"ea-expand-icon ea-icon-expand-plus\"><\/i> | OTHER INICIATIVES |\t\t\t<\/a> <!-- Close anchor tag for header. -->\n\t\t<\/h3>\t<!-- Close header tag. -->\n\t\t<!-- Start collapsible content div. -->\n\t\t<div class=\"sp-collapse spcollapse spcollapse\" id=\"collapse42585\" data-parent=\"#sp-ea-4258\" role=\"region\" aria-labelledby=\"ea-header-42585\">  <!-- Content div. -->\n\t\t\t<div class=\"ea-body\">\n\t\t\t<p><img decoding=\"async\" src=\"http:\/\/www.cineeco.pt\/2018\/imagens\/atividades-paralelas\/eco2seia.png\" \/><\/p>\n<p><strong>Space Eco 2 Seia<\/strong><br \/>\n_ Galeria das Magn\u00f3lias da Casa da Cultura<\/p>\n<p class=\"rtejustify\">In one of the spaces of the Galleries of the House of Culture, we will have the opportunity to know more about this program implemented by the municipality of Seia within the scope of its Agenda XXI Local.<br \/>\nEco2SEIA addresses the environmental issues specifically related to climate change, which result from greenhouse gas (GHG) emissions, mainly due to energy consumption.<br \/>\nEnergy efficiency is an important part of the eco2SEIA program. Along with the ambition to become an environmental reference, Seia also aims to achieve full employment. It is in this context that economic development, investment attraction, job creation, energy efficiency and protection of the environment are one and the same objective that everyone wants to share. The environment is not protected without creating a job or creating employment without protecting the environment.<br \/>\nMaking Seia an environmental reference is a design that all Senenses must embrace, because, as the old saying goes, \"unity is strength.\" Therefore, the eco2SEIA program includes a set of initiatives that intend directly or indirectly to involve all people who live or visit Seia.<br \/>\nEco2SEIA is a program that makes Seia a Low Carbon City, where energy is consumed as efficiently as possible, making the most of opportunities to use renewable energy sources, respecting natural heritage and avoiding GHG emissions.<\/p>\n<p class=\"rtejustify\">\n<p>&nbsp;<\/p>\n<p>&nbsp;<\/p>\n<p><img decoding=\"async\" src=\"http:\/\/www.cineeco.pt\/2018\/imagens\/atividades-paralelas\/instalacao-artistica.png\" \/><\/p>\n<p><strong>Artistic Installation \"composite spaces, lively reflections\"<\/strong>, DME \/ art! \u2013 climate.<br \/>\n_ Room 2 House of Culture<\/p>\n<p class=\"rtejustify\">The Sound installation 'Composite spaces, living reflections' was born from a partnership between the DME Festival and the international electroacoustic music competition \"art! \u22c8 climate \"(Canada \/ Argentina).<br \/>\nThe sound is arranged in space through a multi-channel device that plays uninterruptedly the winning musical pieces of the aforementioned contest, which privileges excellence in electroacoustic music, associated with works that involve concepts of high environmental awareness. Award winning examples include the work \"Omniscience is a Collective I\" by Jaime Reis and \"Resignificamar\" by Daniel Quaranta, a professor at UNIRIO and former artist of the residence of the DME Festival in Seia.<br \/>\nWhile Reis work uses an awareness-raising approach through simultaneous messages in more than 15 languages of Europe and Asia arranged in a \"multi linguistic polyphony\", Quaranta has chosen a naturalistic path combining the sounds of waves from the Atlantic and Pacific oceans collected by composer in disparate geographical locations and creating a composition that refers to a 'composite sound landscape' and is performed in a way that connects the listener to nature.<\/p>\n\t\t\t<\/div> <!-- Close content div. -->\n\t\t<\/div> <!-- Close collapse div. -->\n\t<\/div> <!-- Close card div. -->\n\t<\/div>\n<\/div>\n\n\n\n\n<div style=\"height:60px\" aria-hidden=\"true\" class=\"wp-block-spacer\"><\/div>","protected":false},"excerpt":{"rendered":"<p>PARALLEL ACTIVITIES 2018<\/p>","protected":false},"author":1,"featured_media":0,"parent":0,"menu_order":0,"comment_status":"closed","ping_status":"closed","template":"","meta":{"ocean_post_layout":"right-sidebar","ocean_both_sidebars_style":"","ocean_both_sidebars_content_width":0,"ocean_both_sidebars_sidebars_width":0,"ocean_sidebar":"","ocean_second_sidebar":"","ocean_disable_margins":"on","ocean_add_body_class":"","ocean_shortcode_before_top_bar":"","ocean_shortcode_after_top_bar":"","ocean_shortcode_before_header":"","ocean_shortcode_after_header":"","ocean_has_shortcode":"","ocean_shortcode_after_title":"","ocean_shortcode_before_footer_widgets":"","ocean_shortcode_after_footer_widgets":"","ocean_shortcode_before_footer_bottom":"","ocean_shortcode_after_footer_bottom":"","ocean_display_top_bar":"off","ocean_display_header":"on","ocean_header_style":"","ocean_center_header_left_menu":"","ocean_custom_header_template":"","ocean_custom_logo":0,"ocean_custom_retina_logo":0,"ocean_custom_logo_max_width":0,"ocean_custom_logo_tablet_max_width":0,"ocean_custom_logo_mobile_max_width":0,"ocean_custom_logo_max_height":0,"ocean_custom_logo_tablet_max_height":0,"ocean_custom_logo_mobile_max_height":0,"ocean_header_custom_menu":"6","ocean_menu_typo_font_family":"","ocean_menu_typo_font_subset":"","ocean_menu_typo_font_size":0,"ocean_menu_typo_font_size_tablet":0,"ocean_menu_typo_font_size_mobile":0,"ocean_menu_typo_font_size_unit":"px","ocean_menu_typo_font_weight":"","ocean_menu_typo_font_weight_tablet":"","ocean_menu_typo_font_weight_mobile":"","ocean_menu_typo_transform":"","ocean_menu_typo_transform_tablet":"","ocean_menu_typo_transform_mobile":"","ocean_menu_typo_line_height":0,"ocean_menu_typo_line_height_tablet":0,"ocean_menu_typo_line_height_mobile":0,"ocean_menu_typo_line_height_unit":"","ocean_menu_typo_spacing":0,"ocean_menu_typo_spacing_tablet":0,"ocean_menu_typo_spacing_mobile":0,"ocean_menu_typo_spacing_unit":"","ocean_menu_link_color":"","ocean_menu_link_color_hover":"","ocean_menu_link_color_active":"","ocean_menu_link_background":"","ocean_menu_link_hover_background":"","ocean_menu_link_active_background":"","ocean_menu_social_links_bg":"","ocean_menu_social_hover_links_bg":"","ocean_menu_social_links_color":"","ocean_menu_social_hover_links_color":"","ocean_disable_title":"on","ocean_disable_heading":"default","ocean_post_title":"","ocean_post_subheading":"","ocean_post_title_style":"","ocean_post_title_background_color":"","ocean_post_title_background":0,"ocean_post_title_bg_image_position":"","ocean_post_title_bg_image_attachment":"","ocean_post_title_bg_image_repeat":"","ocean_post_title_bg_image_size":"","ocean_post_title_height":0,"ocean_post_title_bg_overlay":0.5,"ocean_post_title_bg_overlay_color":"","ocean_disable_breadcrumbs":"default","ocean_breadcrumbs_color":"","ocean_breadcrumbs_separator_color":"","ocean_breadcrumbs_links_color":"","ocean_breadcrumbs_links_hover_color":"","ocean_display_footer_widgets":"default","ocean_display_footer_bottom":"default","ocean_custom_footer_template":"","footnotes":""},"class_list":["post-4252","page","type-page","status-publish","hentry","entry"],"_links":{"self":[{"href":"https:\/\/arquivo.cineeco.pt\/en\/wp-json\/wp\/v2\/pages\/4252","targetHints":{"allow":["GET"]}}],"collection":[{"href":"https:\/\/arquivo.cineeco.pt\/en\/wp-json\/wp\/v2\/pages"}],"about":[{"href":"https:\/\/arquivo.cineeco.pt\/en\/wp-json\/wp\/v2\/types\/page"}],"author":[{"embeddable":true,"href":"https:\/\/arquivo.cineeco.pt\/en\/wp-json\/wp\/v2\/users\/1"}],"replies":[{"embeddable":true,"href":"https:\/\/arquivo.cineeco.pt\/en\/wp-json\/wp\/v2\/comments?post=4252"}],"version-history":[{"count":5,"href":"https:\/\/arquivo.cineeco.pt\/en\/wp-json\/wp\/v2\/pages\/4252\/revisions"}],"predecessor-version":[{"id":4259,"href":"https:\/\/arquivo.cineeco.pt\/en\/wp-json\/wp\/v2\/pages\/4252\/revisions\/4259"}],"wp:attachment":[{"href":"https:\/\/arquivo.cineeco.pt\/en\/wp-json\/wp\/v2\/media?parent=4252"}],"curies":[{"name":"wp","href":"https:\/\/api.w.org\/{rel}","templated":true}]}}