{"id":4714,"date":"2024-09-10T10:10:33","date_gmt":"2024-09-10T10:10:33","guid":{"rendered":"https:\/\/arquivo.cineeco.pt\/?page_id=4714"},"modified":"2024-10-14T11:03:57","modified_gmt":"2024-10-14T11:03:57","slug":"2024-programadores","status":"publish","type":"page","link":"https:\/\/arquivo.cineeco.pt\/en\/2024-programadores\/","title":{"rendered":"2024-programadores"},"content":{"rendered":"<div style=\"height:35px\" aria-hidden=\"true\" class=\"wp-block-spacer\"><\/div>\n\n\n\n<p><a name=\"top\"><\/a><\/p>\n\n\n\n<div class=\"wp-block-buttons has-custom-font-size is-horizontal is-content-justification-center is-layout-flex wp-container-core-buttons-is-layout-a85bcc9b wp-block-buttons-is-layout-flex\" style=\"font-size:10px\">\n<div class=\"wp-block-button has-custom-font-size is-style-outline is-style-outline--1\" style=\"font-size:12px\"><a class=\"wp-block-button__link has-text-align-center wp-element-button\" href=\"https:\/\/arquivo.cineeco.pt\/en\/2024-selecao-oficial\/#top\" style=\"border-radius:10px\">OFFICIAL SELECTION<\/a><\/div>\n\n\n\n<div class=\"wp-block-button has-custom-font-size is-style-outline is-style-outline--2\" style=\"font-size:12px\"><a class=\"wp-block-button__link has-text-align-center wp-element-button\" href=\"https:\/\/arquivo.cineeco.pt\/en\/2024-atividades\/#top\" style=\"border-radius:10px\">PARALLEL ACTIVITIES<\/a><\/div>\n\n\n\n<div class=\"wp-block-button has-custom-font-size is-style-outline is-style-outline--3\" style=\"font-size:12px\"><a class=\"wp-block-button__link has-text-align-center wp-element-button\" href=\"https:\/\/arquivo.cineeco.pt\/en\/2024-premios\/#top\" style=\"border-radius:10px\">AWARDS<\/a><\/div>\n\n\n\n<div class=\"wp-block-button has-custom-font-size is-style-fill\" style=\"font-size:12px\"><a class=\"wp-block-button__link has-text-align-center wp-element-button\" href=\"https:\/\/arquivo.cineeco.pt\/en\/2024-programadores\/#top\" style=\"border-radius:10px\">PROGRAMMERS<\/a><\/div>\n\n\n\n<div class=\"wp-block-button has-custom-font-size is-style-outline is-style-outline--4\" style=\"font-size:12px\"><a class=\"wp-block-button__link has-text-align-center wp-element-button\" href=\"https:\/\/arquivo.cineeco.pt\/en\/2024-juri\/#top\" style=\"border-radius:10px\">JURY<\/a><\/div>\n\n\n\n<div class=\"wp-block-button has-custom-font-size is-style-outline is-style-outline--5\" style=\"font-size:12px\"><a class=\"wp-block-button__link has-text-align-center wp-element-button\" href=\"https:\/\/arquivo.cineeco.pt\/wp-content\/uploads\/2024\/09\/programacao_cineeco24_4x2_vfinaldigital.pdf\" style=\"border-radius:10px\" target=\"_blank\" rel=\"noreferrer noopener\">PROGRAM<\/a><\/div>\n\n\n\n<div class=\"wp-block-button has-custom-font-size is-style-outline is-style-outline--6\" style=\"font-size:12px\"><a class=\"wp-block-button__link has-text-align-center wp-element-button\" href=\"https:\/\/arquivo.cineeco.pt\/wp-content\/uploads\/2024\/09\/catalogo_cineeco24_vfinaldigital.pdf\" style=\"border-radius:10px\" target=\"_blank\" rel=\"noreferrer noopener\">CATALOGUE<\/a><\/div>\n\n\n\n<div class=\"wp-block-button has-custom-font-size is-style-outline is-style-outline--7\" style=\"font-size:12px\"><a class=\"wp-block-button__link has-text-align-center wp-element-button\" href=\"https:\/\/arquivo.cineeco.pt\/en\/2024-galeria\/#top\" style=\"border-radius:10px\">GALLERY<\/a><\/div>\n<\/div>\n\n\n\n<div style=\"height:35px\" aria-hidden=\"true\" class=\"wp-block-spacer\"><\/div>\n\n\n\n<h2 class=\"wp-block-heading has-text-color has-link-color wp-elements-f76e6488974d3390a7573205361933ca\" style=\"color:#ab9431\">2024 PROGRAMMERS<\/h2>\n\n\n\n<div style=\"height:35px\" aria-hidden=\"true\" class=\"wp-block-spacer\"><\/div>\n\n\n\n<p class=\"has-medium-font-size\"><strong>Cl\u00e1udia Marques Santos<\/strong><\/p>\n\n\n\n<figure class=\"wp-block-image size-large\"><img loading=\"lazy\" decoding=\"async\" width=\"1024\" height=\"3\" src=\"https:\/\/arquivo.cineeco.pt\/wp-content\/uploads\/2024\/09\/black_hr-1024x3.png\" alt=\"\" class=\"wp-image-4745\" srcset=\"https:\/\/arquivo.cineeco.pt\/wp-content\/uploads\/2024\/09\/black_hr-1024x3.png 1024w, https:\/\/arquivo.cineeco.pt\/wp-content\/uploads\/2024\/09\/black_hr-300x1.png 300w, https:\/\/arquivo.cineeco.pt\/wp-content\/uploads\/2024\/09\/black_hr-768x2.png 768w, https:\/\/arquivo.cineeco.pt\/wp-content\/uploads\/2024\/09\/black_hr-18x1.png 18w, https:\/\/arquivo.cineeco.pt\/wp-content\/uploads\/2024\/09\/black_hr-600x3.png 600w, https:\/\/arquivo.cineeco.pt\/wp-content\/uploads\/2024\/09\/black_hr-800x3.png 800w, https:\/\/arquivo.cineeco.pt\/wp-content\/uploads\/2024\/09\/black_hr.png 1035w\" sizes=\"auto, (max-width: 1024px) 100vw, 1024px\" \/><\/figure>\n\n\n\n<div class=\"wp-block-media-text is-stacked-on-mobile is-vertically-aligned-top\" style=\"grid-template-columns:30% auto\"><figure class=\"wp-block-media-text__media\"><img loading=\"lazy\" decoding=\"async\" width=\"333\" height=\"605\" src=\"https:\/\/arquivo.cineeco.pt\/wp-content\/uploads\/2024\/09\/Prog_Claudia_site.png\" alt=\"\" class=\"wp-image-4721 size-full\" srcset=\"https:\/\/arquivo.cineeco.pt\/wp-content\/uploads\/2024\/09\/Prog_Claudia_site.png 333w, https:\/\/arquivo.cineeco.pt\/wp-content\/uploads\/2024\/09\/Prog_Claudia_site-165x300.png 165w, https:\/\/arquivo.cineeco.pt\/wp-content\/uploads\/2024\/09\/Prog_Claudia_site-7x12.png 7w\" sizes=\"auto, (max-width: 333px) 100vw, 333px\" \/><\/figure><div class=\"wp-block-media-text__content\">\n<div style=\"height:70px\" aria-hidden=\"true\" class=\"wp-block-spacer\"><\/div>\n\n\n\n<p style=\"font-size:15px\">Cl\u00e1udia Marques Santos \u00e9 uma jornalista freelancer sediada em Lisboa, com trabalhos publicados &#8211; nas \u00e1reas da cultura e da investiga\u00e7\u00e3o &#8211; no Observador, P\u00fablico, Expresso, Di\u00e1rio de Not\u00edcias, Vis\u00e3o e LER. \u00c9 presidente do Projeto Inoc\u00eancia em Portugal, que investiga jornalisticamente casos de pessoas que possam ter sido erradamente condenadas em tribunal, e integrou o primeiro cons\u00f3rcio portugu\u00eas de jornalistas, que investigou o discurso de \u00f3dio online das for\u00e7as policiais portuguesas. Bolseira da Funda\u00e7\u00e3o Calouste Gulbenkian, da Funda\u00e7\u00e3o Gabriel Garc\u00eda M\u00e1rquez e do Pulitzer Center, foi finalista do European Press Prize 2024 na categoria de Investiga\u00e7\u00e3o. \u00c9 docente de jornalismo cultural na Universidade Nova de Lisboa e de reda\u00e7\u00e3o jornal\u00edstica, hermen\u00eautica e semi\u00f3tica na Universidade Lus\u00f3fona.<\/p>\n<\/div><\/div>\n\n\n\n<div style=\"height:80px\" aria-hidden=\"true\" class=\"wp-block-spacer\"><\/div>\n\n\n\n<p class=\"has-medium-font-size\"><strong>Daniel Oliveira<\/strong><\/p>\n\n\n\n<figure class=\"wp-block-image size-large\"><img loading=\"lazy\" decoding=\"async\" width=\"1024\" height=\"3\" src=\"https:\/\/arquivo.cineeco.pt\/wp-content\/uploads\/2024\/09\/black_hr-1024x3.png\" alt=\"\" class=\"wp-image-4745\" srcset=\"https:\/\/arquivo.cineeco.pt\/wp-content\/uploads\/2024\/09\/black_hr-1024x3.png 1024w, https:\/\/arquivo.cineeco.pt\/wp-content\/uploads\/2024\/09\/black_hr-300x1.png 300w, https:\/\/arquivo.cineeco.pt\/wp-content\/uploads\/2024\/09\/black_hr-768x2.png 768w, https:\/\/arquivo.cineeco.pt\/wp-content\/uploads\/2024\/09\/black_hr-18x1.png 18w, https:\/\/arquivo.cineeco.pt\/wp-content\/uploads\/2024\/09\/black_hr-600x3.png 600w, https:\/\/arquivo.cineeco.pt\/wp-content\/uploads\/2024\/09\/black_hr-800x3.png 800w, https:\/\/arquivo.cineeco.pt\/wp-content\/uploads\/2024\/09\/black_hr.png 1035w\" sizes=\"auto, (max-width: 1024px) 100vw, 1024px\" \/><\/figure>\n\n\n\n<div class=\"wp-block-media-text is-stacked-on-mobile is-vertically-aligned-top\" style=\"grid-template-columns:30% auto\"><figure class=\"wp-block-media-text__media\"><img loading=\"lazy\" decoding=\"async\" width=\"333\" height=\"605\" src=\"https:\/\/arquivo.cineeco.pt\/wp-content\/uploads\/2024\/09\/Prog_Daniel_site.png\" alt=\"\" class=\"wp-image-4751 size-full\" srcset=\"https:\/\/arquivo.cineeco.pt\/wp-content\/uploads\/2024\/09\/Prog_Daniel_site.png 333w, https:\/\/arquivo.cineeco.pt\/wp-content\/uploads\/2024\/09\/Prog_Daniel_site-165x300.png 165w, https:\/\/arquivo.cineeco.pt\/wp-content\/uploads\/2024\/09\/Prog_Daniel_site-7x12.png 7w\" sizes=\"auto, (max-width: 333px) 100vw, 333px\" \/><\/figure><div class=\"wp-block-media-text__content\">\n<div style=\"height:70px\" aria-hidden=\"true\" class=\"wp-block-spacer\"><\/div>\n\n\n\n<p style=\"font-size:15px\">Daniel Oliveira \u00e9 mestre em cinema pela Universidade da Beira Interior, onde frequenta o doutoramento em Media Artes. \u00c9 cr\u00edtico desde 2004, filiado da Associa\u00e7\u00e3o Brasileira (Abraccine) e da Federa\u00e7\u00e3o Internacional de Cr\u00edticos de Cinema (Fipresci) e \u00e9 membro votante do Globo de Ouro desde 2023. \u00c9 formado em Comunica\u00e7\u00e3o Social pela Universidade Federal de Minas Gerais (UFMG), com especializa\u00e7\u00e3o em Hist\u00f3ria da Cultura e da Arte pela mesma institui\u00e7\u00e3o, e p\u00f3s-graduado em Roteiro para Cinema e TV, pelo Humber Institute, de Toronto. Em Portugal, colaborou no j\u00fari de programa\u00e7\u00e3o do festival Porto Femme, integra a equipa de programadores do CineEco \u2013 Festival Internacional de Cinema Ambiental da Serra da Estrela e \u00e9 tradutor e copywriter no Curtas Vila do Conde. No Brasil, foi freelancer em v\u00e1rios \u00f3rg\u00e3os de comunica\u00e7\u00e3o social, como O Estado de S. Paulo, revistas SET e Teorema e, entre 2012 e 2018, foi rep\u00f3rter e cr\u00edtico do jornal O Tempo.<\/p>\n<\/div><\/div>\n\n\n\n<div style=\"height:80px\" aria-hidden=\"true\" class=\"wp-block-spacer\"><\/div>\n\n\n\n<p class=\"has-medium-font-size\"><strong>Tiago Alves<\/strong><\/p>\n\n\n\n<figure class=\"wp-block-image size-large\"><img loading=\"lazy\" decoding=\"async\" width=\"1024\" height=\"3\" src=\"https:\/\/arquivo.cineeco.pt\/wp-content\/uploads\/2024\/09\/black_hr-1024x3.png\" alt=\"\" class=\"wp-image-4745\" srcset=\"https:\/\/arquivo.cineeco.pt\/wp-content\/uploads\/2024\/09\/black_hr-1024x3.png 1024w, https:\/\/arquivo.cineeco.pt\/wp-content\/uploads\/2024\/09\/black_hr-300x1.png 300w, https:\/\/arquivo.cineeco.pt\/wp-content\/uploads\/2024\/09\/black_hr-768x2.png 768w, https:\/\/arquivo.cineeco.pt\/wp-content\/uploads\/2024\/09\/black_hr-18x1.png 18w, https:\/\/arquivo.cineeco.pt\/wp-content\/uploads\/2024\/09\/black_hr-600x3.png 600w, https:\/\/arquivo.cineeco.pt\/wp-content\/uploads\/2024\/09\/black_hr-800x3.png 800w, https:\/\/arquivo.cineeco.pt\/wp-content\/uploads\/2024\/09\/black_hr.png 1035w\" sizes=\"auto, (max-width: 1024px) 100vw, 1024px\" \/><\/figure>\n\n\n\n<div class=\"wp-block-media-text is-stacked-on-mobile is-vertically-aligned-top\" style=\"grid-template-columns:30% auto\"><figure class=\"wp-block-media-text__media\"><img loading=\"lazy\" decoding=\"async\" width=\"334\" height=\"605\" src=\"https:\/\/arquivo.cineeco.pt\/wp-content\/uploads\/2024\/09\/Prog_Tiago_site.png\" alt=\"\" class=\"wp-image-4753 size-full\" srcset=\"https:\/\/arquivo.cineeco.pt\/wp-content\/uploads\/2024\/09\/Prog_Tiago_site.png 334w, https:\/\/arquivo.cineeco.pt\/wp-content\/uploads\/2024\/09\/Prog_Tiago_site-166x300.png 166w, https:\/\/arquivo.cineeco.pt\/wp-content\/uploads\/2024\/09\/Prog_Tiago_site-7x12.png 7w\" sizes=\"auto, (max-width: 334px) 100vw, 334px\" \/><\/figure><div class=\"wp-block-media-text__content\">\n<div style=\"height:70px\" aria-hidden=\"true\" class=\"wp-block-spacer\"><\/div>\n\n\n\n<p style=\"font-size:15px\">Radio presenter, journalist, cinema promotor and programmer. He has coordinated \n and presented CINEMAX since 2005, dedicated to cinema news and programming, online, which is transmitted on the Antena 1 radio channel, and also presents short-film sessions on TV channel RTP2. He organises, programmes and presents ShortcutzOvar and is part of the team of curators of CineEco. For two decades he wrote regularly for the magazine Vis\u00e3o, the Jornal de Not\u00edcias newspaper and the digital magazine Metropolis.<\/p>\n<\/div><\/div>\n\n\n\n<div style=\"height:80px\" aria-hidden=\"true\" class=\"wp-block-spacer\"><\/div>","protected":false},"excerpt":{"rendered":"<p>PROGRAMADORES 2024 Cl\u00e1udia Marques Santos Daniel Oliveira Tiago Alves<\/p>","protected":false},"author":1,"featured_media":0,"parent":0,"menu_order":0,"comment_status":"closed","ping_status":"closed","template":"","meta":{"ocean_post_layout":"right-sidebar","ocean_both_sidebars_style":"","ocean_both_sidebars_content_width":0,"ocean_both_sidebars_sidebars_width":0,"ocean_sidebar":"","ocean_second_sidebar":"","ocean_disable_margins":"on","ocean_add_body_class":"","ocean_shortcode_before_top_bar":"","ocean_shortcode_after_top_bar":"","ocean_shortcode_before_header":"","ocean_shortcode_after_header":"","ocean_has_shortcode":"","ocean_shortcode_after_title":"","ocean_shortcode_before_footer_widgets":"","ocean_shortcode_after_footer_widgets":"","ocean_shortcode_before_footer_bottom":"","ocean_shortcode_after_footer_bottom":"","ocean_display_top_bar":"off","ocean_display_header":"on","ocean_header_style":"","ocean_center_header_left_menu":"","ocean_custom_header_template":"","ocean_custom_logo":0,"ocean_custom_retina_logo":0,"ocean_custom_logo_max_width":0,"ocean_custom_logo_tablet_max_width":0,"ocean_custom_logo_mobile_max_width":0,"ocean_custom_logo_max_height":0,"ocean_custom_logo_tablet_max_height":0,"ocean_custom_logo_mobile_max_height":0,"ocean_header_custom_menu":"6","ocean_menu_typo_font_family":"","ocean_menu_typo_font_subset":"","ocean_menu_typo_font_size":0,"ocean_menu_typo_font_size_tablet":0,"ocean_menu_typo_font_size_mobile":0,"ocean_menu_typo_font_size_unit":"px","ocean_menu_typo_font_weight":"","ocean_menu_typo_font_weight_tablet":"","ocean_menu_typo_font_weight_mobile":"","ocean_menu_typo_transform":"","ocean_menu_typo_transform_tablet":"","ocean_menu_typo_transform_mobile":"","ocean_menu_typo_line_height":0,"ocean_menu_typo_line_height_tablet":0,"ocean_menu_typo_line_height_mobile":0,"ocean_menu_typo_line_height_unit":"","ocean_menu_typo_spacing":0,"ocean_menu_typo_spacing_tablet":0,"ocean_menu_typo_spacing_mobile":0,"ocean_menu_typo_spacing_unit":"","ocean_menu_link_color":"","ocean_menu_link_color_hover":"","ocean_menu_link_color_active":"","ocean_menu_link_background":"","ocean_menu_link_hover_background":"","ocean_menu_link_active_background":"","ocean_menu_social_links_bg":"","ocean_menu_social_hover_links_bg":"","ocean_menu_social_links_color":"","ocean_menu_social_hover_links_color":"","ocean_disable_title":"on","ocean_disable_heading":"default","ocean_post_title":"","ocean_post_subheading":"","ocean_post_title_style":"","ocean_post_title_background_color":"","ocean_post_title_background":0,"ocean_post_title_bg_image_position":"","ocean_post_title_bg_image_attachment":"","ocean_post_title_bg_image_repeat":"","ocean_post_title_bg_image_size":"","ocean_post_title_height":0,"ocean_post_title_bg_overlay":0.5,"ocean_post_title_bg_overlay_color":"","ocean_disable_breadcrumbs":"default","ocean_breadcrumbs_color":"","ocean_breadcrumbs_separator_color":"","ocean_breadcrumbs_links_color":"","ocean_breadcrumbs_links_hover_color":"","ocean_display_footer_widgets":"default","ocean_display_footer_bottom":"default","ocean_custom_footer_template":"","footnotes":""},"class_list":["post-4714","page","type-page","status-publish","hentry","entry"],"_links":{"self":[{"href":"https:\/\/arquivo.cineeco.pt\/en\/wp-json\/wp\/v2\/pages\/4714","targetHints":{"allow":["GET"]}}],"collection":[{"href":"https:\/\/arquivo.cineeco.pt\/en\/wp-json\/wp\/v2\/pages"}],"about":[{"href":"https:\/\/arquivo.cineeco.pt\/en\/wp-json\/wp\/v2\/types\/page"}],"author":[{"embeddable":true,"href":"https:\/\/arquivo.cineeco.pt\/en\/wp-json\/wp\/v2\/users\/1"}],"replies":[{"embeddable":true,"href":"https:\/\/arquivo.cineeco.pt\/en\/wp-json\/wp\/v2\/comments?post=4714"}],"version-history":[{"count":41,"href":"https:\/\/arquivo.cineeco.pt\/en\/wp-json\/wp\/v2\/pages\/4714\/revisions"}],"predecessor-version":[{"id":5042,"href":"https:\/\/arquivo.cineeco.pt\/en\/wp-json\/wp\/v2\/pages\/4714\/revisions\/5042"}],"wp:attachment":[{"href":"https:\/\/arquivo.cineeco.pt\/en\/wp-json\/wp\/v2\/media?parent=4714"}],"curies":[{"name":"wp","href":"https:\/\/api.w.org\/{rel}","templated":true}]}}